{"id":28809,"date":"2025-07-26T09:53:40","date_gmt":"2025-07-26T09:53:40","guid":{"rendered":"https:\/\/candefood.com.tr\/?post_type=product&#038;p=28809"},"modified":"2025-07-26T10:07:58","modified_gmt":"2025-07-26T10:07:58","slug":"karadut-ozu-nektari-2","status":"publish","type":"product","link":"https:\/\/candefood.com.tr\/en\/urun\/karadut-ozu-nektari-2\/","title":{"rendered":"KARADUT \u00d6Z\u00dc"},"content":{"rendered":"<p>Organik sertifikal\u0131 karadut bah\u00e7esinden toplanan \u00fcr\u00fcnler ayn\u0131 g\u00fcn i\u015flenir. Yo\u011fun k\u0131vamda \u015fi\u015felenir. A\u011f\u0131z tad\u0131n\u0131za g\u00f6re 1+5 veya 1+6 oran\u0131nda suland\u0131rarak harika i\u00e7ecekler haz\u0131rlayabilirsiniz.<\/p>\n","protected":false},"excerpt":{"rendered":"<p>Organik sertifikal\u0131 karadut bah\u00e7esinden toplanan \u00fcr\u00fcnler ayn\u0131 g\u00fcn i\u015flenir. Yo\u011fun k\u0131vamda \u015fi\u015felenir. A\u011f\u0131z tad\u0131n\u0131za g\u00f6re 1+5 veya 1+6 oran\u0131nda suland\u0131rarak harika i\u00e7ecekler haz\u0131rlayabilirsiniz.<\/p>\n","protected":false},"featured_media":0,"comment_status":"open","ping_status":"closed","template":"","meta":[],"product_brand":[],"product_cat":[93],"product_tag":[],"class_list":{"0":"post-28809","1":"product","2":"type-product","3":"status-publish","5":"product_cat-dogal-meyve-ozleri-nektarlari","7":"first","8":"instock","9":"taxable","10":"shipping-taxable","11":"purchasable","12":"product-type-simple"},"_links":{"self":[{"href":"https:\/\/candefood.com.tr\/en\/wp-json\/wp\/v2\/product\/28809","targetHints":{"allow":["GET"]}}],"collection":[{"href":"https:\/\/candefood.com.tr\/en\/wp-json\/wp\/v2\/product"}],"about":[{"href":"https:\/\/candefood.com.tr\/en\/wp-json\/wp\/v2\/types\/product"}],"replies":[{"embeddable":true,"href":"https:\/\/candefood.com.tr\/en\/wp-json\/wp\/v2\/comments?post=28809"}],"version-history":[{"count":2,"href":"https:\/\/candefood.com.tr\/en\/wp-json\/wp\/v2\/product\/28809\/revisions"}],"predecessor-version":[{"id":28818,"href":"https:\/\/candefood.com.tr\/en\/wp-json\/wp\/v2\/product\/28809\/revisions\/28818"}],"wp:attachment":[{"href":"https:\/\/candefood.com.tr\/en\/wp-json\/wp\/v2\/media?parent=28809"}],"wp:term":[{"taxonomy":"product_brand","embeddable":true,"href":"https:\/\/candefood.com.tr\/en\/wp-json\/wp\/v2\/product_brand?post=28809"},{"taxonomy":"product_cat","embeddable":true,"href":"https:\/\/candefood.com.tr\/en\/wp-json\/wp\/v2\/product_cat?post=28809"},{"taxonomy":"product_tag","embeddable":true,"href":"https:\/\/candefood.com.tr\/en\/wp-json\/wp\/v2\/product_tag?post=28809"}],"curies":[{"name":"wp","href":"https:\/\/api.w.org\/{rel}","templated":true}]}}