{"id":28806,"date":"2025-07-26T09:44:57","date_gmt":"2025-07-26T09:44:57","guid":{"rendered":"https:\/\/candefood.com.tr\/?post_type=product&#038;p=28806"},"modified":"2025-07-26T10:06:42","modified_gmt":"2025-07-26T10:06:42","slug":"seftali-ozu-nektari","status":"publish","type":"product","link":"https:\/\/candefood.com.tr\/en\/urun\/seftali-ozu-nektari\/","title":{"rendered":"\u015eEFTAL\u0130 \u00d6Z\u00dc"},"content":{"rendered":"<p>Dal\u0131nda olgunla\u015fan ve tatlanan meyveler ayn\u0131 g\u00fcn i\u015flenir ve yo\u011fun k\u0131vamda \u015fi\u015felenir. A\u011f\u0131z tad\u0131n\u0131za g\u00f6re 1+1 veya 1+2 \u015feklinde suland\u0131r\u0131larak kullanabilirsiniz.<\/p>\n","protected":false},"excerpt":{"rendered":"<p>Dal\u0131nda olgunla\u015fan ve tatlanan meyveler ayn\u0131 g\u00fcn i\u015flenir ve yo\u011fun k\u0131vamda \u015fi\u015felenir. A\u011f\u0131z tad\u0131n\u0131za g\u00f6re 1+1 veya 1+2 \u015feklinde suland\u0131rarak kullanabilirsiniz.<\/p>\n","protected":false},"featured_media":0,"comment_status":"open","ping_status":"closed","template":"","meta":[],"product_brand":[],"product_cat":[93],"product_tag":[],"class_list":{"0":"post-28806","1":"product","2":"type-product","3":"status-publish","5":"product_cat-dogal-meyve-ozleri-nektarlari","7":"first","8":"instock","9":"taxable","10":"shipping-taxable","11":"purchasable","12":"product-type-simple"},"_links":{"self":[{"href":"https:\/\/candefood.com.tr\/en\/wp-json\/wp\/v2\/product\/28806","targetHints":{"allow":["GET"]}}],"collection":[{"href":"https:\/\/candefood.com.tr\/en\/wp-json\/wp\/v2\/product"}],"about":[{"href":"https:\/\/candefood.com.tr\/en\/wp-json\/wp\/v2\/types\/product"}],"replies":[{"embeddable":true,"href":"https:\/\/candefood.com.tr\/en\/wp-json\/wp\/v2\/comments?post=28806"}],"version-history":[{"count":2,"href":"https:\/\/candefood.com.tr\/en\/wp-json\/wp\/v2\/product\/28806\/revisions"}],"predecessor-version":[{"id":28817,"href":"https:\/\/candefood.com.tr\/en\/wp-json\/wp\/v2\/product\/28806\/revisions\/28817"}],"wp:attachment":[{"href":"https:\/\/candefood.com.tr\/en\/wp-json\/wp\/v2\/media?parent=28806"}],"wp:term":[{"taxonomy":"product_brand","embeddable":true,"href":"https:\/\/candefood.com.tr\/en\/wp-json\/wp\/v2\/product_brand?post=28806"},{"taxonomy":"product_cat","embeddable":true,"href":"https:\/\/candefood.com.tr\/en\/wp-json\/wp\/v2\/product_cat?post=28806"},{"taxonomy":"product_tag","embeddable":true,"href":"https:\/\/candefood.com.tr\/en\/wp-json\/wp\/v2\/product_tag?post=28806"}],"curies":[{"name":"wp","href":"https:\/\/api.w.org\/{rel}","templated":true}]}}