{"id":28741,"date":"2025-03-29T12:23:28","date_gmt":"2025-03-29T12:23:28","guid":{"rendered":"https:\/\/candefood.com.tr\/urun\/ege-usulu-tarhana-corbasi\/"},"modified":"2025-10-14T06:58:43","modified_gmt":"2025-10-14T06:58:43","slug":"ege-usulu-tarhana-corbasi","status":"publish","type":"product","link":"https:\/\/candefood.com.tr\/en\/urun\/ege-usulu-tarhana-corbasi\/","title":{"rendered":"Ege Usul\u00fc Tarhana \u00c7orbas\u0131"},"content":{"rendered":"<p class=\"\" data-start=\"67\" data-end=\"452\">Ege Usul\u00fc Tarhana \u00c7orbas\u0131, Anadolu&#8217;nun en k\u00f6kl\u00fc ve sevilen \u00e7orba tariflerinden biri olan tarhanay\u0131, Ege B\u00f6lgesi&#8217;ne \u00f6zg\u00fc \u00f6zg\u00fcn malzemelerle harmanlayarak haz\u0131rlad\u0131\u011f\u0131m\u0131z e\u015fsiz bir lezzettir. Ev yap\u0131m\u0131 tarhanan\u0131n \u00f6zenle haz\u0131rlanm\u0131\u015f kar\u0131\u015f\u0131m\u0131ndan elde edilen bu \u00e7orba, geleneksel tarifin yan\u0131 s\u0131ra Ege&#8217;nin taze otlar\u0131 ve sebzeleriyle zenginle\u015ftirilmi\u015f, damaklarda unutulmaz bir tat b\u0131rak\u0131r.<\/p>\n<p class=\"\" data-start=\"454\" data-end=\"479\"><strong data-start=\"454\" data-end=\"479\">\u00d6ne \u00c7\u0131kan \u00d6zellikler:<\/strong><\/p>\n<ul data-start=\"480\" data-end=\"1176\">\n<li class=\"\" data-start=\"480\" data-end=\"634\">\n<p class=\"\" data-start=\"482\" data-end=\"634\"><strong data-start=\"482\" data-end=\"510\">Do\u011fal ve Taze Malzemeler<\/strong>: Ege Usul\u00fc Tarhana \u00c7orbas\u0131, sadece yerel \u00fcreticilerden temin edilen do\u011fal ve katk\u0131 maddesi i\u00e7ermeyen malzemelerle \u00fcretilir.<\/p>\n<\/li>\n<li class=\"\" data-start=\"635\" data-end=\"787\">\n<p class=\"\" data-start=\"637\" data-end=\"787\"><strong data-start=\"637\" data-end=\"654\">Zengin \u0130\u00e7erik<\/strong>: Y\u00fcksek besin de\u011ferine sahip olan bu \u00e7orba, yo\u011furt, bu\u011fday, k\u0131rm\u0131z\u0131 biber, so\u011fan, sar\u0131msak ve Ege&#8217;nin lezzetli otlar\u0131yla haz\u0131rlan\u0131r.<\/p>\n<\/li>\n<li class=\"\" data-start=\"788\" data-end=\"922\">\n<p class=\"\" data-start=\"790\" data-end=\"922\"><strong data-start=\"790\" data-end=\"808\">Kolay Haz\u0131rl\u0131k<\/strong>: Pratik \u015fekilde haz\u0131rlanabilen bu lezzetli \u00e7orba, yo\u011fun i\u015f temposu olanlar i\u00e7in h\u0131zl\u0131 bir \u00f6\u011f\u00fcn alternatifi sunar.<\/p>\n<\/li>\n<li class=\"\" data-start=\"1055\" data-end=\"1176\">\n<p class=\"\" data-start=\"1057\" data-end=\"1176\"><strong data-start=\"1057\" data-end=\"1082\">\u0130\u00e7eri\u011finde Baharatlar<\/strong>: Tarhanaya \u00f6zg\u00fc baharatlar ve Ege&#8217;nin taze otlar\u0131, \u00e7orban\u0131n lezzetini e\u015fsiz bir hale getirir.<\/p>\n<\/li>\n<\/ul>\n<p class=\"\" data-start=\"1178\" data-end=\"1218\"><strong data-start=\"1178\" data-end=\"1218\">Ege Usul\u00fc Tarhana \u00c7orbas\u0131 Faydalar\u0131:<\/strong><\/p>\n<ul data-start=\"1219\" data-end=\"1553\">\n<li class=\"\" data-start=\"1219\" data-end=\"1321\">\n<p class=\"\" data-start=\"1221\" data-end=\"1321\"><strong data-start=\"1221\" data-end=\"1257\">Ba\u011f\u0131\u015f\u0131kl\u0131k Sistemini G\u00fc\u00e7lendirir<\/strong>: Y\u00fcksek C vitamini i\u00e7eri\u011fiyle ba\u011f\u0131\u015f\u0131kl\u0131k sisteminizi destekler.<\/p>\n<\/li>\n<li class=\"\" data-start=\"1322\" data-end=\"1428\">\n<p class=\"\" data-start=\"1324\" data-end=\"1428\"><strong data-start=\"1324\" data-end=\"1356\">Sindirim Sistemini Destekler<\/strong>: \u0130\u00e7eri\u011findeki probiyotikler sayesinde sindirim sistemine yard\u0131mc\u0131 olur.<\/p>\n<\/li>\n<li class=\"\" data-start=\"1429\" data-end=\"1553\">\n<p class=\"\" data-start=\"1431\" data-end=\"1553\"><strong data-start=\"1431\" data-end=\"1466\">Beden ve Zihin \u0130\u00e7in Rahatlat\u0131c\u0131<\/strong>: \u00d6zellikle so\u011fuk k\u0131\u015f g\u00fcnlerinde i\u00e7inizi \u0131s\u0131tan, ruhunuzu canland\u0131ran bir etki yarat\u0131r.<\/p>\n<\/li>\n<\/ul>\n<p class=\"\" data-start=\"1555\" data-end=\"1606\"><strong data-start=\"1555\" data-end=\"1606\">Ege Usul\u00fc Tarhana \u00c7orbas\u0131 Nerelerde Kullan\u0131l\u0131r?<\/strong><\/p>\n<ul data-start=\"1607\" data-end=\"1922\">\n<li class=\"\" data-start=\"1607\" data-end=\"1699\">\n<p class=\"\" data-start=\"1609\" data-end=\"1699\"><strong data-start=\"1609\" data-end=\"1629\">Ana Yemek Olarak<\/strong>: K\u0131\u015f aylar\u0131n\u0131n vazge\u00e7ilmezi olan bu \u00e7orba, sofralar\u0131n\u0131z\u0131 \u015fenlendirir.<\/p>\n<\/li>\n<li class=\"\" data-start=\"1700\" data-end=\"1785\">\n<p class=\"\" data-start=\"1702\" data-end=\"1785\"><strong data-start=\"1702\" data-end=\"1722\">Ara S\u0131cak Olarak<\/strong>: \u00d6zellikle \u00f6\u011fle aras\u0131 h\u0131zl\u0131 bir \u00f6\u011f\u00fcn olarak tercih edilebilir.<\/p>\n<\/li>\n<li class=\"\" data-start=\"1786\" data-end=\"1922\">\n<p class=\"\" data-start=\"1788\" data-end=\"1922\"><strong data-start=\"1788\" data-end=\"1812\">Misafir Sofralar\u0131nda<\/strong>: Ege usul\u00fc tarhana, geleneksel sofralar\u0131n\u0131zda misafirlerinize sunabilece\u011finiz \u00f6zel bir tat alternatifi sunar.<\/p>\n<\/li>\n<\/ul>\n","protected":false},"excerpt":{"rendered":"<p>Ege Usul\u00fc Tarhana \u00c7orbas\u0131, Ege B\u00f6lgesi&#8217;ne \u00f6zg\u00fc taze otlar ve do\u011fal malzemelerle haz\u0131rlanan, geleneksel tarhana \u00e7orbas\u0131n\u0131n benzersiz bir yorumudur. Zengin besin de\u011feri ve lezzetiyle so\u011fuk k\u0131\u015f g\u00fcnlerinin vazge\u00e7ilmezi olan bu \u00e7orba, pratik haz\u0131rl\u0131\u011f\u0131yla sofralar\u0131n\u0131za lezzet katar. Hem sa\u011fl\u0131kl\u0131 hem de doyurucu bir se\u00e7enek arayanlar i\u00e7in ideal.<\/p>\n","protected":false},"featured_media":28889,"comment_status":"open","ping_status":"closed","template":"","meta":[],"product_brand":[],"product_cat":[101],"product_tag":[],"class_list":{"0":"post-28741","1":"product","2":"type-product","3":"status-publish","4":"has-post-thumbnail","6":"product_cat-local-products","8":"first","9":"instock","10":"purchasable","11":"product-type-simple"},"_links":{"self":[{"href":"https:\/\/candefood.com.tr\/en\/wp-json\/wp\/v2\/product\/28741","targetHints":{"allow":["GET"]}}],"collection":[{"href":"https:\/\/candefood.com.tr\/en\/wp-json\/wp\/v2\/product"}],"about":[{"href":"https:\/\/candefood.com.tr\/en\/wp-json\/wp\/v2\/types\/product"}],"replies":[{"embeddable":true,"href":"https:\/\/candefood.com.tr\/en\/wp-json\/wp\/v2\/comments?post=28741"}],"version-history":[{"count":1,"href":"https:\/\/candefood.com.tr\/en\/wp-json\/wp\/v2\/product\/28741\/revisions"}],"predecessor-version":[{"id":28884,"href":"https:\/\/candefood.com.tr\/en\/wp-json\/wp\/v2\/product\/28741\/revisions\/28884"}],"wp:featuredmedia":[{"embeddable":true,"href":"https:\/\/candefood.com.tr\/en\/wp-json\/wp\/v2\/media\/28889"}],"wp:attachment":[{"href":"https:\/\/candefood.com.tr\/en\/wp-json\/wp\/v2\/media?parent=28741"}],"wp:term":[{"taxonomy":"product_brand","embeddable":true,"href":"https:\/\/candefood.com.tr\/en\/wp-json\/wp\/v2\/product_brand?post=28741"},{"taxonomy":"product_cat","embeddable":true,"href":"https:\/\/candefood.com.tr\/en\/wp-json\/wp\/v2\/product_cat?post=28741"},{"taxonomy":"product_tag","embeddable":true,"href":"https:\/\/candefood.com.tr\/en\/wp-json\/wp\/v2\/product_tag?post=28741"}],"curies":[{"name":"wp","href":"https:\/\/api.w.org\/{rel}","templated":true}]}}