{"id":28204,"date":"2025-03-20T09:51:22","date_gmt":"2025-03-20T09:51:22","guid":{"rendered":"https:\/\/candefood.com.tr\/?post_type=product&#038;p=28204"},"modified":"2025-03-20T10:01:19","modified_gmt":"2025-03-20T10:01:19","slug":"tas-baski-soguk-sikim-naturel-zeytinyagi","status":"publish","type":"product","link":"https:\/\/candefood.com.tr\/en\/urun\/tas-baski-soguk-sikim-naturel-zeytinyagi\/","title":{"rendered":"Ta\u015f Bask\u0131 So\u011fuk S\u0131k\u0131m Nat\u00fcrel Zeytinya\u011f\u0131"},"content":{"rendered":"<p style=\"font-weight: 400;\">Do\u011frudan \u00fcreticiden temin edilen birinci s\u0131n\u0131f zeytinler, ta\u015f de\u011firmende hamur haline getirilir. So\u011fuk s\u0131k\u0131m yap\u0131larak \u015fi\u015felenir.<\/p>\n<p style=\"font-weight: 400;\">Ta\u015f bask\u0131 so\u011fuk s\u0131k\u0131m zeytinya\u011f\u0131, sa\u011fl\u0131k a\u00e7\u0131s\u0131ndan bir\u00e7ok faydas\u0131 olan do\u011fal bir ya\u011f t\u00fcr\u00fcd\u00fcr. \u0130\u015fte bu zeytinya\u011f\u0131n\u0131n baz\u0131 faydalar\u0131:<\/p>\n<ol>\n<li style=\"font-weight: 400;\"><b><strong>Kalp Sa\u011fl\u0131\u011f\u0131 i\u00e7in \u0130dealdir:<\/strong><\/b>\u00a0Ta\u015f bask\u0131 so\u011fuk s\u0131k\u0131m zeytinya\u011f\u0131, doymam\u0131\u015f ya\u011f asitleri a\u00e7\u0131s\u0131ndan zengindir ve bu da kalp sa\u011fl\u0131\u011f\u0131 i\u00e7in son derece faydal\u0131d\u0131r. Kolesterol seviyelerini dengeleyebilir ve kalp-damar hastal\u0131klar\u0131 riskini azaltabilir.<\/li>\n<li style=\"font-weight: 400;\"><b><strong>Antioksidanlarla Doludur:<\/strong><\/b>\u00a0Bu zeytinya\u011f\u0131 \u00e7e\u015fidi, E vitamini ve di\u011fer antioksidanlar a\u00e7\u0131s\u0131ndan zengindir. Antioksidanlar, v\u00fccudu serbest radikallerin zararl\u0131 etkilerine kar\u015f\u0131 korur ve ya\u015flanma s\u00fcrecini yava\u015flat\u0131r.<\/li>\n<\/ol>\n<p style=\"font-weight: 400;\">3.<b><strong>Ba\u011f\u0131\u015f\u0131kl\u0131k Sistemini G\u00fc\u00e7lendirir:<\/strong><\/b>\u00a0Ta\u015f bask\u0131 so\u011fuk s\u0131k\u0131m zeytinya\u011f\u0131, ba\u011f\u0131\u015f\u0131kl\u0131k sistemini g\u00fc\u00e7lendiren ve hastal\u0131klara kar\u015f\u0131 direnci art\u0131ran bile\u015fenler i\u00e7erir.<\/p>\n<p style=\"font-weight: 400;\">4.<b><strong>Antiinflamatuar \u00d6zelliklere Sahiptir:<\/strong><\/b>\u00a0Zeytinya\u011f\u0131, v\u00fccuttaki iltihaplanmay\u0131 azaltabilir ve iltihapl\u0131 durumlar\u0131 iyile\u015ftirebilir.<\/p>\n<ol start=\"5\">\n<li style=\"font-weight: 400;\"><b><strong>Cilt ve Sa\u00e7 Sa\u011fl\u0131\u011f\u0131n\u0131 Destekler:<\/strong><\/b>\u00a0Bu zeytinya\u011f\u0131, cilt ve sa\u00e7 i\u00e7in do\u011fal bir nemlendirici ve besleyici olarak kullan\u0131labilir. Antioksidanlar i\u00e7eren yap\u0131s\u0131, cildin gen\u00e7 ve sa\u011fl\u0131kl\u0131 kalmas\u0131n\u0131 destekler.<\/li>\n<li style=\"font-weight: 400;\"><b><strong>Sindirime Yard\u0131mc\u0131 Olur:<\/strong><\/b>\u00a0Ta\u015f bask\u0131 so\u011fuk s\u0131k\u0131m zeytinya\u011f\u0131, sindirim sistemini d\u00fczenler ve sindirim sorunlar\u0131n\u0131 hafifletmeye yard\u0131mc\u0131 olabilir.<\/li>\n<li style=\"font-weight: 400;\"><b><strong>Metabolizmay\u0131 H\u0131zland\u0131r\u0131r:<\/strong><\/b>Bu ya\u011f, metabolizma h\u0131z\u0131n\u0131 art\u0131rarak kilo kontrol\u00fcne ve v\u00fccut sa\u011fl\u0131\u011f\u0131na katk\u0131da bulunabilir.<\/li>\n<\/ol>\n<p style=\"font-weight: 400;\">Ta\u015f bask\u0131 so\u011fuk s\u0131k\u0131m zeytinya\u011f\u0131, y\u00fcksek besin de\u011feri ve sa\u011fl\u0131k a\u00e7\u0131s\u0131ndan faydalar\u0131yla bilinir. D\u00fczenli olarak t\u00fcketildi\u011finde, genel sa\u011fl\u0131k ve ya\u015fam kalitesini art\u0131rmaya yard\u0131mc\u0131 olabilir. Ancak, herhangi bir sa\u011fl\u0131k durumuyla ilgili belirli tedaviler veya \u00f6neriler i\u00e7in bir sa\u011fl\u0131k uzman\u0131na dan\u0131\u015fmak \u00f6nemlidir.<\/p>\n","protected":false},"excerpt":{"rendered":"<p>Do\u011frudan \u00fcreticiden temin edilen birinci s\u0131n\u0131f zeytinler, ta\u015f de\u011firmende hamur haline getirilir. So\u011fuk s\u0131k\u0131m yap\u0131larak \u015fi\u015felenir. Ta\u015f bask\u0131 so\u011fuk s\u0131k\u0131m<\/p>\n","protected":false},"featured_media":28205,"comment_status":"open","ping_status":"closed","template":"","meta":[],"product_brand":[],"product_cat":[75],"product_tag":[],"class_list":{"0":"post-28204","1":"product","2":"type-product","3":"status-publish","4":"has-post-thumbnail","6":"product_cat-tas-baski-soguk-sikim-naturel-zeytinyagi","8":"first","9":"instock","10":"taxable","11":"shipping-taxable","12":"purchasable","13":"product-type-variable"},"_links":{"self":[{"href":"https:\/\/candefood.com.tr\/en\/wp-json\/wp\/v2\/product\/28204","targetHints":{"allow":["GET"]}}],"collection":[{"href":"https:\/\/candefood.com.tr\/en\/wp-json\/wp\/v2\/product"}],"about":[{"href":"https:\/\/candefood.com.tr\/en\/wp-json\/wp\/v2\/types\/product"}],"replies":[{"embeddable":true,"href":"https:\/\/candefood.com.tr\/en\/wp-json\/wp\/v2\/comments?post=28204"}],"version-history":[{"count":0,"href":"https:\/\/candefood.com.tr\/en\/wp-json\/wp\/v2\/product\/28204\/revisions"}],"wp:featuredmedia":[{"embeddable":true,"href":"https:\/\/candefood.com.tr\/en\/wp-json\/wp\/v2\/media\/28205"}],"wp:attachment":[{"href":"https:\/\/candefood.com.tr\/en\/wp-json\/wp\/v2\/media?parent=28204"}],"wp:term":[{"taxonomy":"product_brand","embeddable":true,"href":"https:\/\/candefood.com.tr\/en\/wp-json\/wp\/v2\/product_brand?post=28204"},{"taxonomy":"product_cat","embeddable":true,"href":"https:\/\/candefood.com.tr\/en\/wp-json\/wp\/v2\/product_cat?post=28204"},{"taxonomy":"product_tag","embeddable":true,"href":"https:\/\/candefood.com.tr\/en\/wp-json\/wp\/v2\/product_tag?post=28204"}],"curies":[{"name":"wp","href":"https:\/\/api.w.org\/{rel}","templated":true}]}}