{"id":28150,"date":"2025-03-20T09:28:31","date_gmt":"2025-03-20T09:28:31","guid":{"rendered":"https:\/\/candefood.com.tr\/?post_type=product&#038;p=28150"},"modified":"2025-03-25T11:24:50","modified_gmt":"2025-03-25T11:24:50","slug":"kurutulmus-aci-biber-jalepone","status":"publish","type":"product","link":"https:\/\/candefood.com.tr\/en\/urun\/kurutulmus-aci-biber-jalepone\/","title":{"rendered":"Kurutulmu\u015f Ac\u0131 Biber (Jalepone)"},"content":{"rendered":"<p>Kurutulmu\u015f ac\u0131 biber (Jalepone cinsi ) biberin do\u011franmas\u0131\u00a0 ve \u00f6zel\u00a0 tasar\u0131m\u00a0 kurutma makinas\u0131nda suyunun u\u00e7urulmas\u0131 ile \u00fcretilmektedir. Tamamen do\u011fald\u0131r ve herhangi bir katk\u0131 ve koruyucu i\u00e7ermemektedir.<\/p>\n","protected":false},"excerpt":{"rendered":"<p>Kurutulmu\u015f ac\u0131 biber (Jalepone cinsi ) biberin do\u011franmas\u0131\u00a0 ve \u00f6zel\u00a0 tasar\u0131m\u00a0 kurutma makinas\u0131nda suyunun u\u00e7urulmas\u0131 ile \u00fcretilmektedir. Tamamen do\u011fald\u0131r ve<\/p>\n","protected":false},"featured_media":28154,"comment_status":"open","ping_status":"closed","template":"","meta":[],"product_brand":[],"product_cat":[74],"product_tag":[],"class_list":{"0":"post-28150","1":"product","2":"type-product","3":"status-publish","4":"has-post-thumbnail","6":"product_cat-kurutulmus-sebzeler","8":"first","9":"instock","10":"taxable","11":"shipping-taxable","12":"purchasable","13":"product-type-variable"},"_links":{"self":[{"href":"https:\/\/candefood.com.tr\/en\/wp-json\/wp\/v2\/product\/28150","targetHints":{"allow":["GET"]}}],"collection":[{"href":"https:\/\/candefood.com.tr\/en\/wp-json\/wp\/v2\/product"}],"about":[{"href":"https:\/\/candefood.com.tr\/en\/wp-json\/wp\/v2\/types\/product"}],"replies":[{"embeddable":true,"href":"https:\/\/candefood.com.tr\/en\/wp-json\/wp\/v2\/comments?post=28150"}],"version-history":[{"count":0,"href":"https:\/\/candefood.com.tr\/en\/wp-json\/wp\/v2\/product\/28150\/revisions"}],"wp:featuredmedia":[{"embeddable":true,"href":"https:\/\/candefood.com.tr\/en\/wp-json\/wp\/v2\/media\/28154"}],"wp:attachment":[{"href":"https:\/\/candefood.com.tr\/en\/wp-json\/wp\/v2\/media?parent=28150"}],"wp:term":[{"taxonomy":"product_brand","embeddable":true,"href":"https:\/\/candefood.com.tr\/en\/wp-json\/wp\/v2\/product_brand?post=28150"},{"taxonomy":"product_cat","embeddable":true,"href":"https:\/\/candefood.com.tr\/en\/wp-json\/wp\/v2\/product_cat?post=28150"},{"taxonomy":"product_tag","embeddable":true,"href":"https:\/\/candefood.com.tr\/en\/wp-json\/wp\/v2\/product_tag?post=28150"}],"curies":[{"name":"wp","href":"https:\/\/api.w.org\/{rel}","templated":true}]}}