{"id":28149,"date":"2025-03-20T09:47:34","date_gmt":"2025-03-20T09:47:34","guid":{"rendered":"https:\/\/candefood.com.tr\/?post_type=product&#038;p=28149"},"modified":"2025-03-25T11:25:28","modified_gmt":"2025-03-25T11:25:28","slug":"domates-cipsi","status":"publish","type":"product","link":"https:\/\/candefood.com.tr\/en\/urun\/domates-cipsi\/","title":{"rendered":"Domates Cipsi"},"content":{"rendered":"<p>Domates cipsi, domateslerin dilimlenmesi ve \u00f6zel\u00a0 tasar\u0131m\u00a0 kurutma makinas\u0131nda suyunun u\u00e7urulmas\u0131 ile \u00fcretilmektedir. Tamamen do\u011fald\u0131r ve herhangi bir katk\u0131 ve koruyucu i\u00e7ermemektedir.<br \/>\nG\u00fcne\u015f kurusu domatesten en \u00f6nemli fark\u0131 ise tuz, k\u00fck\u00fcrt vb kimyasal maddelerin \u00fcretimde kullan\u0131lmamas\u0131d\u0131r.<\/p>\n","protected":false},"excerpt":{"rendered":"<p>Domates cipsi, domateslerin dilimlenmesi ve \u00f6zel\u00a0 tasar\u0131m\u00a0 kurutma makinas\u0131nda suyunun u\u00e7urulmas\u0131 ile \u00fcretilmektedir. Tamamen do\u011fald\u0131r ve herhangi bir katk\u0131 ve<\/p>\n","protected":false},"featured_media":28202,"comment_status":"open","ping_status":"closed","template":"","meta":[],"product_brand":[],"product_cat":[74],"product_tag":[],"class_list":{"0":"post-28149","1":"product","2":"type-product","3":"status-publish","4":"has-post-thumbnail","6":"product_cat-kurutulmus-sebzeler","8":"first","9":"instock","10":"taxable","11":"shipping-taxable","12":"purchasable","13":"product-type-variable"},"_links":{"self":[{"href":"https:\/\/candefood.com.tr\/en\/wp-json\/wp\/v2\/product\/28149","targetHints":{"allow":["GET"]}}],"collection":[{"href":"https:\/\/candefood.com.tr\/en\/wp-json\/wp\/v2\/product"}],"about":[{"href":"https:\/\/candefood.com.tr\/en\/wp-json\/wp\/v2\/types\/product"}],"replies":[{"embeddable":true,"href":"https:\/\/candefood.com.tr\/en\/wp-json\/wp\/v2\/comments?post=28149"}],"version-history":[{"count":0,"href":"https:\/\/candefood.com.tr\/en\/wp-json\/wp\/v2\/product\/28149\/revisions"}],"wp:featuredmedia":[{"embeddable":true,"href":"https:\/\/candefood.com.tr\/en\/wp-json\/wp\/v2\/media\/28202"}],"wp:attachment":[{"href":"https:\/\/candefood.com.tr\/en\/wp-json\/wp\/v2\/media?parent=28149"}],"wp:term":[{"taxonomy":"product_brand","embeddable":true,"href":"https:\/\/candefood.com.tr\/en\/wp-json\/wp\/v2\/product_brand?post=28149"},{"taxonomy":"product_cat","embeddable":true,"href":"https:\/\/candefood.com.tr\/en\/wp-json\/wp\/v2\/product_cat?post=28149"},{"taxonomy":"product_tag","embeddable":true,"href":"https:\/\/candefood.com.tr\/en\/wp-json\/wp\/v2\/product_tag?post=28149"}],"curies":[{"name":"wp","href":"https:\/\/api.w.org\/{rel}","templated":true}]}}