{"id":28148,"date":"2025-03-20T09:46:11","date_gmt":"2025-03-20T09:46:11","guid":{"rendered":"https:\/\/candefood.com.tr\/?post_type=product&#038;p=28148"},"modified":"2025-03-25T11:26:12","modified_gmt":"2025-03-25T11:26:12","slug":"maydanoz-kurusu","status":"publish","type":"product","link":"https:\/\/candefood.com.tr\/en\/urun\/maydanoz-kurusu\/","title":{"rendered":"Maydanoz Kurusu"},"content":{"rendered":"<p>Taze ve birinci s\u0131n\u0131f maydonozlar\u0131m\u0131z\u00a0 \u00a0\u00f6zel tasar\u0131m kapal\u0131 kurutma f\u0131r\u0131n\u0131nda kurutularak kilitli paketlerde be\u011feninize sunulur.<\/p>\n","protected":false},"excerpt":{"rendered":"<p>Taze ve birinci s\u0131n\u0131f maydonozlar\u0131m\u0131z\u00a0 \u00a0\u00f6zel tasar\u0131m kapal\u0131 kurutma f\u0131r\u0131n\u0131nda kurutularak kilitli paketlerde be\u011feninize sunulur.<\/p>\n","protected":false},"featured_media":28197,"comment_status":"open","ping_status":"closed","template":"","meta":[],"product_brand":[],"product_cat":[74],"product_tag":[],"class_list":{"0":"post-28148","1":"product","2":"type-product","3":"status-publish","4":"has-post-thumbnail","6":"product_cat-kurutulmus-sebzeler","8":"first","9":"instock","10":"taxable","11":"shipping-taxable","12":"purchasable","13":"product-type-variable"},"_links":{"self":[{"href":"https:\/\/candefood.com.tr\/en\/wp-json\/wp\/v2\/product\/28148","targetHints":{"allow":["GET"]}}],"collection":[{"href":"https:\/\/candefood.com.tr\/en\/wp-json\/wp\/v2\/product"}],"about":[{"href":"https:\/\/candefood.com.tr\/en\/wp-json\/wp\/v2\/types\/product"}],"replies":[{"embeddable":true,"href":"https:\/\/candefood.com.tr\/en\/wp-json\/wp\/v2\/comments?post=28148"}],"version-history":[{"count":0,"href":"https:\/\/candefood.com.tr\/en\/wp-json\/wp\/v2\/product\/28148\/revisions"}],"wp:featuredmedia":[{"embeddable":true,"href":"https:\/\/candefood.com.tr\/en\/wp-json\/wp\/v2\/media\/28197"}],"wp:attachment":[{"href":"https:\/\/candefood.com.tr\/en\/wp-json\/wp\/v2\/media?parent=28148"}],"wp:term":[{"taxonomy":"product_brand","embeddable":true,"href":"https:\/\/candefood.com.tr\/en\/wp-json\/wp\/v2\/product_brand?post=28148"},{"taxonomy":"product_cat","embeddable":true,"href":"https:\/\/candefood.com.tr\/en\/wp-json\/wp\/v2\/product_cat?post=28148"},{"taxonomy":"product_tag","embeddable":true,"href":"https:\/\/candefood.com.tr\/en\/wp-json\/wp\/v2\/product_tag?post=28148"}],"curies":[{"name":"wp","href":"https:\/\/api.w.org\/{rel}","templated":true}]}}