{"id":28147,"date":"2025-03-20T09:44:59","date_gmt":"2025-03-20T09:44:59","guid":{"rendered":"https:\/\/candefood.com.tr\/?post_type=product&#038;p=28147"},"modified":"2025-03-25T11:26:35","modified_gmt":"2025-03-25T11:26:35","slug":"kuskonmaz-kurusu","status":"publish","type":"product","link":"https:\/\/candefood.com.tr\/en\/urun\/kuskonmaz-kurusu\/","title":{"rendered":"Ku\u015fkonmaz Kurusu"},"content":{"rendered":"<p style=\"font-weight: 400\">Ku\u015fkonmaz Kurusu:<\/p>\n<p style=\"font-weight: 400\">Ku\u015fkonmaz bitkisinin\u00a0do\u011franmas\u0131 ve \u00f6zel tasar\u0131m kurutma makinas\u0131nda suyunun u\u00e7urulmas\u0131 ile \u00fcretilmektedir. Ku\u015fkonmaz kurusu \u00fcr\u00fcn\u00fcm\u00fcz tamamen do\u011fald\u0131r ve herhangi bir katk\u0131 ve koruyucu i\u00e7ermemektedir.\u00a0Ku\u015fkonmaz kurusu, mutfakta \u00e7ok \u00e7e\u015fitli yemeklerde kullan\u0131l\u0131r. \u00d6zellikle ha\u015flanm\u0131\u015f, \u0131zgara veya f\u0131r\u0131nlanm\u0131\u015f olarak t\u00fcketilir. Salatalara, omletlere, makarnalara ve risottolara lezzet katar.<\/p>\n<p>Ku\u015fkonmaz bitkisi, sa\u011fl\u0131k a\u00e7\u0131s\u0131ndan olduk\u00e7a de\u011ferli bir sebzedir. Bu bitkinin s\u00fcrg\u00fcnleri, bir\u00e7ok \u00f6nemli fayda sa\u011flar. \u0130\u015fte ku\u015fkonmaz s\u00fcrg\u00fcnlerinin sa\u011fl\u0131k yararlar\u0131:<\/p>\n<ol>\n<li><b><strong>Antioksidan Zenginli\u011fi:<\/strong><\/b>\u00a0Ku\u015fkonmaz, antioksidanlar a\u00e7\u0131s\u0131ndan zengin bir kaynakt\u0131r. V\u00fccuttaki serbest radikallerle sava\u015farak h\u00fccrelerinizi korur ve ya\u015flanma belirtilerini azalt\u0131r.<\/li>\n<li><b><strong>Ba\u011f\u0131\u015f\u0131kl\u0131k Sistemi Deste\u011fi:<\/strong><\/b>\u00a0\u0130\u00e7erdi\u011fi vitaminler ve mineraller sayesinde ku\u015fkonmaz, ba\u011f\u0131\u015f\u0131kl\u0131k sisteminizi g\u00fc\u00e7lendirir ve hastal\u0131klara kar\u015f\u0131 direncinizi art\u0131r\u0131r.<\/li>\n<li><b><strong>Sindirim Sa\u011fl\u0131\u011f\u0131:<\/strong><\/b>\u00a0Lif a\u00e7\u0131s\u0131ndan zengin olan ku\u015fkonmaz, sindirim sisteminin d\u00fczenli \u00e7al\u0131\u015fmas\u0131na yard\u0131mc\u0131 olur, kab\u0131zl\u0131k gibi sorunlar\u0131 \u00f6nler ve sindirim sa\u011fl\u0131\u011f\u0131n\u0131 destekler.<\/li>\n<li><b><strong>Kilo Kontrol\u00fc:<\/strong><\/b>\u00a0D\u00fc\u015f\u00fck kalorili olmas\u0131 ve lif i\u00e7eri\u011fiyle tokluk hissi sa\u011flamas\u0131 nedeniyle ku\u015fkonmaz, kilo kontrol\u00fcne yard\u0131mc\u0131 olabilir.<\/li>\n<li><b><strong>Kan \u015eekerini Dengeleme:<\/strong><\/b>\u00a0Lif ve di\u011fer besin \u00f6\u011feleri sayesinde ku\u015fkonmaz, kan \u015fekerinin dengelenmesine yard\u0131mc\u0131 olabilir, \u00f6zellikle diyabet hastalar\u0131 i\u00e7in faydal\u0131d\u0131r.<\/li>\n<li><b><strong>B\u00f6brek Sa\u011fl\u0131\u011f\u0131:<\/strong><\/b>\u00a0Ku\u015fkonmaz\u0131n idrar s\u00f6kt\u00fcr\u00fcc\u00fc \u00f6zellikleri vard\u0131r ve b\u00f6brek sa\u011fl\u0131\u011f\u0131n\u0131 destekler, b\u00f6brek ta\u015f\u0131 olu\u015fumunu engelleyebilir.<\/li>\n<\/ol>\n<p style=\"font-weight: 400\">Ku\u015fkonmaz\u0131n sa\u011fl\u0131k yararlar\u0131n\u0131 ke\u015ffetmek i\u00e7in tariflerinizde kullanmay\u0131 d\u00fc\u015f\u00fcnebilirsiniz. Sa\u011fl\u0131k a\u00e7\u0131s\u0131ndan faydal\u0131 olan bu ku\u015fkonmaz kurusu ile lezzetli yemeklerinizi zenginle\u015ftirebilir ve besleyici bir alternatif sunabilir.<\/p>\n","protected":false},"excerpt":{"rendered":"<p>Ku\u015fkonmaz Kurusu: Ku\u015fkonmaz bitkisinin\u00a0do\u011franmas\u0131 ve \u00f6zel tasar\u0131m kurutma makinas\u0131nda suyunun u\u00e7urulmas\u0131 ile \u00fcretilmektedir. Ku\u015fkonmaz kurusu \u00fcr\u00fcn\u00fcm\u00fcz tamamen do\u011fald\u0131r ve herhangi<\/p>\n","protected":false},"featured_media":28194,"comment_status":"open","ping_status":"closed","template":"","meta":[],"product_brand":[],"product_cat":[74],"product_tag":[],"class_list":{"0":"post-28147","1":"product","2":"type-product","3":"status-publish","4":"has-post-thumbnail","6":"product_cat-kurutulmus-sebzeler","8":"first","9":"instock","10":"taxable","11":"shipping-taxable","12":"purchasable","13":"product-type-variable"},"_links":{"self":[{"href":"https:\/\/candefood.com.tr\/en\/wp-json\/wp\/v2\/product\/28147","targetHints":{"allow":["GET"]}}],"collection":[{"href":"https:\/\/candefood.com.tr\/en\/wp-json\/wp\/v2\/product"}],"about":[{"href":"https:\/\/candefood.com.tr\/en\/wp-json\/wp\/v2\/types\/product"}],"replies":[{"embeddable":true,"href":"https:\/\/candefood.com.tr\/en\/wp-json\/wp\/v2\/comments?post=28147"}],"version-history":[{"count":0,"href":"https:\/\/candefood.com.tr\/en\/wp-json\/wp\/v2\/product\/28147\/revisions"}],"wp:featuredmedia":[{"embeddable":true,"href":"https:\/\/candefood.com.tr\/en\/wp-json\/wp\/v2\/media\/28194"}],"wp:attachment":[{"href":"https:\/\/candefood.com.tr\/en\/wp-json\/wp\/v2\/media?parent=28147"}],"wp:term":[{"taxonomy":"product_brand","embeddable":true,"href":"https:\/\/candefood.com.tr\/en\/wp-json\/wp\/v2\/product_brand?post=28147"},{"taxonomy":"product_cat","embeddable":true,"href":"https:\/\/candefood.com.tr\/en\/wp-json\/wp\/v2\/product_cat?post=28147"},{"taxonomy":"product_tag","embeddable":true,"href":"https:\/\/candefood.com.tr\/en\/wp-json\/wp\/v2\/product_tag?post=28147"}],"curies":[{"name":"wp","href":"https:\/\/api.w.org\/{rel}","templated":true}]}}