{"id":28146,"date":"2025-03-20T09:43:39","date_gmt":"2025-03-20T09:43:39","guid":{"rendered":"https:\/\/candefood.com.tr\/?post_type=product&#038;p=28146"},"modified":"2025-03-25T11:26:55","modified_gmt":"2025-03-25T11:26:55","slug":"naturel-isirgan-otu-kurusu","status":"publish","type":"product","link":"https:\/\/candefood.com.tr\/en\/urun\/naturel-isirgan-otu-kurusu\/","title":{"rendered":"Naturel Is\u0131rgan Otu Kurusu"},"content":{"rendered":"<p style=\"font-weight: 400\">Is\u0131rgan otu kurusu, yabani \u0131s\u0131rgan otunun do\u011franmas\u0131 ve \u00f6zel\u00a0 tasar\u0131m\u00a0 kurutma makinas\u0131nda suyunun u\u00e7urulmas\u0131 ile \u00fcretilmektedir. Tamamen do\u011fald\u0131r ve herhangi bir katk\u0131 ve koruyucu i\u00e7ermemektedir.<\/p>\n<p style=\"font-weight: 400\">\u00a0Is\u0131rgan otu, genellikle yabani bir bitki olarak bilinen, sa\u011fl\u0131k a\u00e7\u0131s\u0131ndan bir\u00e7ok fayda sa\u011flayan bir bitkidir. Is\u0131rgan otu, genellikle \u00e7ay olarak t\u00fcketilir veya \u00e7e\u015fitli yemeklerde kullan\u0131l\u0131r. \u0130\u015fte \u0131s\u0131rgan otunun \u00f6zellikleri ve faydalar\u0131:<\/p>\n<p style=\"font-weight: 400\">Is\u0131rgan otu, y\u00fcksek miktarda demir, kalsiyum, magnezyum, potasyum, A vitamini, C vitamini ve di\u011fer bir\u00e7ok vitamin ve mineral i\u00e7erir. Bu besin \u00f6\u011feleri v\u00fccut i\u00e7in gerekli olan bir\u00e7ok fonksiyonu destekler.<\/p>\n<p style=\"font-weight: 400\">Ayr\u0131ca, \u0131s\u0131rgan otu y\u00fcksek miktarda protein ve lif i\u00e7erir. Protein, kaslar\u0131n onar\u0131m\u0131 ve b\u00fcy\u00fcmesi i\u00e7in \u00f6nemlidir, lif ise sindirim sa\u011fl\u0131\u011f\u0131n\u0131 destekler, kab\u0131zl\u0131\u011f\u0131 \u00f6nler ve tokluk hissi sa\u011flar.<\/p>\n<p style=\"font-weight: 400\">Is\u0131rgan otu antioksidanlar a\u00e7\u0131s\u0131ndan da zengindir. Antioksidanlar, v\u00fccuttaki serbest radikallerle sava\u015farak h\u00fccresel hasar\u0131 azaltabilir, ya\u015flanmay\u0131 geciktirebilir ve genel sa\u011fl\u0131\u011f\u0131 korur.<\/p>\n<p style=\"font-weight: 400\">Is\u0131rgan otunun idrar s\u00f6kt\u00fcr\u00fcc\u00fc \u00f6zellikleri vard\u0131r ve b\u00f6brek sa\u011fl\u0131\u011f\u0131n\u0131 destekler. Ayn\u0131 zamanda, kan \u015fekerini d\u00fczenleme, kan bas\u0131nc\u0131n\u0131 d\u00fc\u015f\u00fcrme ve iltihap azaltma gibi faydalar\u0131 da olabilir.<\/p>\n<p style=\"font-weight: 400\">Is\u0131rgan otu, cilt sa\u011fl\u0131\u011f\u0131n\u0131 da destekler. Antioksidan ve anti-enflamatuar \u00f6zellikleri sayesinde cildi temizler, akne ve di\u011fer cilt problemlerini hafifletebilir.<\/p>\n<p style=\"font-weight: 400\">Ancak, \u0131s\u0131rgan otu baz\u0131 ki\u015filerde alerjik reaksiyonlara neden olabilir. Bu nedenle, \u0131s\u0131rgan otunu t\u00fcketmeden \u00f6nce doktorunuza dan\u0131\u015fman\u0131z \u00f6nemlidir, \u00f6zellikle hamilelik veya emzirme d\u00f6nemindeyseniz veya kronik bir sa\u011fl\u0131k sorununuz varsa doktorunuza dan\u0131\u015fman\u0131z \u00f6nemlidir.<\/p>\n<p style=\"font-weight: 400\">Sonu\u00e7 olarak, \u0131s\u0131rgan otu y\u00fcksek besin de\u011ferleri ve sa\u011fl\u0131k faydalar\u0131yla dikkat \u00e7eken bir bitkidir. D\u00fczenli t\u00fcketildi\u011finde v\u00fccut i\u00e7in bir\u00e7ok fayda sa\u011flayabilir.<\/p>\n","protected":false},"excerpt":{"rendered":"<p>Is\u0131rgan otu kurusu, yabani \u0131s\u0131rgan otunun do\u011franmas\u0131 ve \u00f6zel\u00a0 tasar\u0131m\u00a0 kurutma makinas\u0131nda suyunun u\u00e7urulmas\u0131 ile \u00fcretilmektedir. Tamamen do\u011fald\u0131r ve herhangi<\/p>\n","protected":false},"featured_media":28190,"comment_status":"open","ping_status":"closed","template":"","meta":[],"product_brand":[],"product_cat":[74],"product_tag":[],"class_list":{"0":"post-28146","1":"product","2":"type-product","3":"status-publish","4":"has-post-thumbnail","6":"product_cat-kurutulmus-sebzeler","8":"first","9":"instock","10":"taxable","11":"shipping-taxable","12":"purchasable","13":"product-type-variable"},"_links":{"self":[{"href":"https:\/\/candefood.com.tr\/en\/wp-json\/wp\/v2\/product\/28146","targetHints":{"allow":["GET"]}}],"collection":[{"href":"https:\/\/candefood.com.tr\/en\/wp-json\/wp\/v2\/product"}],"about":[{"href":"https:\/\/candefood.com.tr\/en\/wp-json\/wp\/v2\/types\/product"}],"replies":[{"embeddable":true,"href":"https:\/\/candefood.com.tr\/en\/wp-json\/wp\/v2\/comments?post=28146"}],"version-history":[{"count":0,"href":"https:\/\/candefood.com.tr\/en\/wp-json\/wp\/v2\/product\/28146\/revisions"}],"wp:featuredmedia":[{"embeddable":true,"href":"https:\/\/candefood.com.tr\/en\/wp-json\/wp\/v2\/media\/28190"}],"wp:attachment":[{"href":"https:\/\/candefood.com.tr\/en\/wp-json\/wp\/v2\/media?parent=28146"}],"wp:term":[{"taxonomy":"product_brand","embeddable":true,"href":"https:\/\/candefood.com.tr\/en\/wp-json\/wp\/v2\/product_brand?post=28146"},{"taxonomy":"product_cat","embeddable":true,"href":"https:\/\/candefood.com.tr\/en\/wp-json\/wp\/v2\/product_cat?post=28146"},{"taxonomy":"product_tag","embeddable":true,"href":"https:\/\/candefood.com.tr\/en\/wp-json\/wp\/v2\/product_tag?post=28146"}],"curies":[{"name":"wp","href":"https:\/\/api.w.org\/{rel}","templated":true}]}}