{"id":28145,"date":"2025-03-20T09:42:22","date_gmt":"2025-03-20T09:42:22","guid":{"rendered":"https:\/\/candefood.com.tr\/?post_type=product&#038;p=28145"},"modified":"2025-03-20T10:01:19","modified_gmt":"2025-03-20T10:01:19","slug":"bal-kabagi-kurusu","status":"publish","type":"product","link":"https:\/\/candefood.com.tr\/en\/urun\/bal-kabagi-kurusu\/","title":{"rendered":"Bal Kaba\u011f\u0131 Kurusu"},"content":{"rendered":"<div>Bal kaba\u011f\u0131 kurusu,\u00a0 bal kaba\u011f\u0131n\u0131n do\u011franmas\u0131 ve \u00f6zel\u00a0 tasar\u0131m\u00a0 kurutma makinas\u0131nda suyunun u\u00e7urulmas\u0131 ile \u00fcretilmektedir. Tamamen do\u011fald\u0131r ve herhangi bir katk\u0131 ve koruyucu i\u00e7ermemektedir.<\/p>\n<p><strong>Balkaba\u011f\u0131 kurusunun baz\u0131 \u00f6nemli faydalar\u0131:<\/strong><\/p>\n<ol>\n<li>\n<div>Y\u00fcksek Lif \u0130\u00e7eri\u011fi: Balkaba\u011f\u0131 kurusu, lif bak\u0131m\u0131ndan zengin bir besindir. Lif, sindirim sistemini d\u00fczenler, kab\u0131zl\u0131\u011f\u0131 \u00f6nler ve tokluk hissi sa\u011flar. Ayn\u0131 zamanda kolesterol\u00fc kontrol alt\u0131nda tutmaya da yard\u0131mc\u0131 olabilir.<\/div>\n<\/li>\n<li>\n<div>Antioksidanlarla Dolu: Balkaba\u011f\u0131 kurusu, v\u00fccuda antioksidanlar sa\u011flar. Antioksidanlar, serbest radikallerle sava\u015farak h\u00fccre hasar\u0131n\u0131 azaltabilir ve ya\u015flanmay\u0131 geciktirebilir. Ayr\u0131ca, kansere kar\u015f\u0131 koruyucu etkileri oldu\u011fu da bilinmektedir.<\/div>\n<\/li>\n<li>\n<div>G\u00f6z Sa\u011fl\u0131\u011f\u0131n\u0131 Destekler: Balkaba\u011f\u0131 kurusunun i\u00e7eri\u011finde bulunan beta-karoten, g\u00f6z sa\u011fl\u0131\u011f\u0131n\u0131 korumaya yard\u0131mc\u0131 olabilir. \u00d6zellikle ya\u015fla birlikte g\u00f6r\u00fclen makula dejenerasyonu gibi g\u00f6z hastal\u0131klar\u0131n\u0131 \u00f6nlemeye katk\u0131 sa\u011flar.<\/div>\n<\/li>\n<li>\n<div>Cilt ve Sa\u00e7 Sa\u011fl\u0131\u011f\u0131n\u0131 \u0130yile\u015ftirir: Beta-karotenin yan\u0131 s\u0131ra, balkaba\u011f\u0131 kurusu i\u00e7eri\u011findeki di\u011fer vitaminler ve mineraller de cilt ve sa\u00e7 sa\u011fl\u0131\u011f\u0131n\u0131 destekler. Cilt i\u00e7in nemlendirici etkiye sahiptir ve sa\u00e7lar\u0131n daha sa\u011fl\u0131kl\u0131 ve parlak olmas\u0131n\u0131 sa\u011flayabilir.<\/div>\n<\/li>\n<li>\n<div>Kan \u015eekerini Dengeleyici Etki: Balkaba\u011f\u0131 kurusu, kan \u015fekerinin dengelenmesine yard\u0131mc\u0131 olabilir. \u0130\u00e7erdi\u011fi lifler ve d\u00fc\u015f\u00fck glisemik indeksi sayesinde kan \u015fekerinin ani y\u00fckselmesini \u00f6nler, bu da diyabet riskini azaltabilir.<\/div>\n<\/li>\n<li>\n<div>Kemik Sa\u011fl\u0131\u011f\u0131n\u0131 Destekler: Balkaba\u011f\u0131 kurusu, kemik sa\u011fl\u0131\u011f\u0131 i\u00e7in \u00f6nemli olan kalsiyum ve magnezyum gibi mineralleri i\u00e7erir. Bu mineraller kemik yo\u011funlu\u011funu art\u0131rarak osteoporoz gibi kemik hastal\u0131klar\u0131n\u0131n \u00f6nlenmesine yard\u0131mc\u0131 olabilir.<\/div>\n<\/li>\n<\/ol>\n<\/div>\n<div>Balkaba\u011f\u0131 kurusunun bu faydalar\u0131, d\u00fczenli ve dengeli bir beslenme program\u0131n\u0131n bir par\u00e7as\u0131 olarak t\u00fcketildi\u011finde ortaya \u00e7\u0131kar. Ancak herhangi bir sa\u011fl\u0131k sorunu veya \u00f6zel durum s\u00f6z konusu oldu\u011funda, mutlaka bir uzmana dan\u0131\u015fmak \u00f6nemlidir.<\/div>\n","protected":false},"excerpt":{"rendered":"<p>Bal kaba\u011f\u0131 kurusu,\u00a0 bal kaba\u011f\u0131n\u0131n do\u011franmas\u0131 ve \u00f6zel\u00a0 tasar\u0131m\u00a0 kurutma makinas\u0131nda suyunun u\u00e7urulmas\u0131 ile \u00fcretilmektedir. Tamamen do\u011fald\u0131r ve herhangi bir<\/p>\n","protected":false},"featured_media":28187,"comment_status":"open","ping_status":"closed","template":"","meta":[],"product_brand":[],"product_cat":[74],"product_tag":[],"class_list":{"0":"post-28145","1":"product","2":"type-product","3":"status-publish","4":"has-post-thumbnail","6":"product_cat-kurutulmus-sebzeler","8":"first","9":"instock","10":"taxable","11":"shipping-taxable","12":"purchasable","13":"product-type-variable"},"_links":{"self":[{"href":"https:\/\/candefood.com.tr\/en\/wp-json\/wp\/v2\/product\/28145","targetHints":{"allow":["GET"]}}],"collection":[{"href":"https:\/\/candefood.com.tr\/en\/wp-json\/wp\/v2\/product"}],"about":[{"href":"https:\/\/candefood.com.tr\/en\/wp-json\/wp\/v2\/types\/product"}],"replies":[{"embeddable":true,"href":"https:\/\/candefood.com.tr\/en\/wp-json\/wp\/v2\/comments?post=28145"}],"version-history":[{"count":0,"href":"https:\/\/candefood.com.tr\/en\/wp-json\/wp\/v2\/product\/28145\/revisions"}],"wp:featuredmedia":[{"embeddable":true,"href":"https:\/\/candefood.com.tr\/en\/wp-json\/wp\/v2\/media\/28187"}],"wp:attachment":[{"href":"https:\/\/candefood.com.tr\/en\/wp-json\/wp\/v2\/media?parent=28145"}],"wp:term":[{"taxonomy":"product_brand","embeddable":true,"href":"https:\/\/candefood.com.tr\/en\/wp-json\/wp\/v2\/product_brand?post=28145"},{"taxonomy":"product_cat","embeddable":true,"href":"https:\/\/candefood.com.tr\/en\/wp-json\/wp\/v2\/product_cat?post=28145"},{"taxonomy":"product_tag","embeddable":true,"href":"https:\/\/candefood.com.tr\/en\/wp-json\/wp\/v2\/product_tag?post=28145"}],"curies":[{"name":"wp","href":"https:\/\/api.w.org\/{rel}","templated":true}]}}