{"id":28144,"date":"2025-03-20T09:40:22","date_gmt":"2025-03-20T09:40:22","guid":{"rendered":"https:\/\/candefood.com.tr\/?post_type=product&#038;p=28144"},"modified":"2025-03-20T10:01:19","modified_gmt":"2025-03-20T10:01:19","slug":"lahana-kurusu","status":"publish","type":"product","link":"https:\/\/candefood.com.tr\/en\/urun\/lahana-kurusu\/","title":{"rendered":"Lahana Kurusu"},"content":{"rendered":"<p style=\"font-weight: 400\">Lahana kurusu, beyaz lahanan\u0131n d\u0131\u015f yapraklar\u0131n\u0131n ay\u0131klanarak do\u011franmas\u0131 ve \u00f6zel tasar\u0131m kurutma makinas\u0131nda suyunun u\u00e7urulmas\u0131 ile \u00fcretilmektedir. Tamamen do\u011fald\u0131r ve herhangi bir katk\u0131 ve koruyucu i\u00e7ermemektedir.<\/p>\n<p style=\"font-weight: 400\">Lahana kurusu, y\u00fcksek miktarda C vitamini i\u00e7erir. C vitamini, ba\u011f\u0131\u015f\u0131kl\u0131k sistemi fonksiyonlar\u0131n\u0131 destekler, v\u00fccuttaki serbest radikallere kar\u015f\u0131 sava\u015f\u0131r ve genel sa\u011fl\u0131\u011f\u0131 korur.<\/p>\n<p style=\"font-weight: 400\">Ayr\u0131ca, lahana kurusu y\u00fcksek lif i\u00e7eri\u011fine sahiptir. Lif, sindirim sistemi sa\u011fl\u0131\u011f\u0131n\u0131 destekler, sindirimi d\u00fczenler, kab\u0131zl\u0131\u011f\u0131 \u00f6nler ve tokluk hissi sa\u011flar. Bu nedenle, kilo kontrol\u00fc yaparken t\u00fcketilen bir at\u0131\u015ft\u0131rmal\u0131k olarak da tercih edilebilir.<\/p>\n<p style=\"font-weight: 400\">Lahana kurusu d\u00fc\u015f\u00fck kalori i\u00e7eri\u011fine sahiptir ve ya\u011fs\u0131zd\u0131r. Bu \u00f6zellikleriyle kilo kontrol\u00fcne katk\u0131da bulunabilir ve sa\u011fl\u0131kl\u0131 bir beslenme program\u0131n\u0131n bir par\u00e7as\u0131 olabilir.<\/p>\n<p style=\"font-weight: 400\">Antioksidanlar a\u00e7\u0131s\u0131ndan zengin olan lahana kurusu, h\u00fccresel hasar\u0131 azalt\u0131r, ya\u015flanmay\u0131 geciktirir ve genel sa\u011fl\u0131k i\u00e7in faydal\u0131d\u0131r.<\/p>\n<p style=\"font-weight: 400\">Lahana kurusu, potasyum, kalsiyum, demir, magnezyum gibi mineralleri de i\u00e7erir. Bu mineraller v\u00fccut i\u00e7in gerekli olan bir\u00e7ok fonksiyonu destekler.<\/p>\n<p style=\"font-weight: 400\">Ancak, baz\u0131 ki\u015filer lahana veya lahana kurusuna kar\u015f\u0131 alerjik olabilir. Ayr\u0131ca, baz\u0131 durumlarda lahana kurusu a\u015f\u0131r\u0131 t\u00fcketildi\u011finde sindirim sorunlar\u0131na neden olabilir. Bu nedenle, \u00f6zellikle kronik bir sa\u011fl\u0131k sorununuz varsa veya herhangi bir alerjiniz varsa, doktorunuza dan\u0131\u015fman\u0131z \u00f6nemlidir.<\/p>\n<p style=\"font-weight: 400\">Sonu\u00e7 olarak, lahana kurusu y\u00fcksek besin de\u011ferleri ve sa\u011fl\u0131k faydalar\u0131yla dikkat \u00e7eken bir kurutulmu\u015f sebze \u00e7e\u015fididir. D\u00fczenli t\u00fcketildi\u011finde sa\u011fl\u0131k i\u00e7in bir\u00e7ok fayda sa\u011flayabilir.<\/p>\n","protected":false},"excerpt":{"rendered":"<p>Lahana kurusu, beyaz lahanan\u0131n d\u0131\u015f yapraklar\u0131n\u0131n ay\u0131klanarak do\u011franmas\u0131 ve \u00f6zel tasar\u0131m kurutma makinas\u0131nda suyunun u\u00e7urulmas\u0131 ile \u00fcretilmektedir. Tamamen do\u011fald\u0131r ve<\/p>\n","protected":false},"featured_media":28181,"comment_status":"open","ping_status":"closed","template":"","meta":[],"product_brand":[],"product_cat":[74],"product_tag":[],"class_list":{"0":"post-28144","1":"product","2":"type-product","3":"status-publish","4":"has-post-thumbnail","6":"product_cat-kurutulmus-sebzeler","8":"first","9":"instock","10":"taxable","11":"shipping-taxable","12":"purchasable","13":"product-type-variable"},"_links":{"self":[{"href":"https:\/\/candefood.com.tr\/en\/wp-json\/wp\/v2\/product\/28144","targetHints":{"allow":["GET"]}}],"collection":[{"href":"https:\/\/candefood.com.tr\/en\/wp-json\/wp\/v2\/product"}],"about":[{"href":"https:\/\/candefood.com.tr\/en\/wp-json\/wp\/v2\/types\/product"}],"replies":[{"embeddable":true,"href":"https:\/\/candefood.com.tr\/en\/wp-json\/wp\/v2\/comments?post=28144"}],"version-history":[{"count":0,"href":"https:\/\/candefood.com.tr\/en\/wp-json\/wp\/v2\/product\/28144\/revisions"}],"wp:featuredmedia":[{"embeddable":true,"href":"https:\/\/candefood.com.tr\/en\/wp-json\/wp\/v2\/media\/28181"}],"wp:attachment":[{"href":"https:\/\/candefood.com.tr\/en\/wp-json\/wp\/v2\/media?parent=28144"}],"wp:term":[{"taxonomy":"product_brand","embeddable":true,"href":"https:\/\/candefood.com.tr\/en\/wp-json\/wp\/v2\/product_brand?post=28144"},{"taxonomy":"product_cat","embeddable":true,"href":"https:\/\/candefood.com.tr\/en\/wp-json\/wp\/v2\/product_cat?post=28144"},{"taxonomy":"product_tag","embeddable":true,"href":"https:\/\/candefood.com.tr\/en\/wp-json\/wp\/v2\/product_tag?post=28144"}],"curies":[{"name":"wp","href":"https:\/\/api.w.org\/{rel}","templated":true}]}}