{"id":28143,"date":"2025-03-20T09:38:50","date_gmt":"2025-03-20T09:38:50","guid":{"rendered":"https:\/\/candefood.com.tr\/?post_type=product&#038;p=28143"},"modified":"2025-03-20T10:01:19","modified_gmt":"2025-03-20T10:01:19","slug":"ispanak-kurusu","status":"publish","type":"product","link":"https:\/\/candefood.com.tr\/en\/urun\/ispanak-kurusu\/","title":{"rendered":"Ispanak Kurusu"},"content":{"rendered":"<p style=\"font-weight: 400\">Ispanak kurusu, \u0131spanak yapraklar\u0131n\u0131n do\u011franmas\u0131 ve \u00f6zel tasar\u0131m kurutma makinas\u0131nda suyunun u\u00e7urulmas\u0131 ile \u00fcretilmektedir. Tamamen do\u011fald\u0131r ve herhangi bir katk\u0131 ve koruyucu i\u00e7ermemektedir.<\/p>\n<p style=\"font-weight: 400\">Ispanak kurusu, y\u00fcksek miktarda A vitamini, C vitamini, K vitamini, demir, kalsiyum, magnezyum ve di\u011fer bir\u00e7ok vitamin ve mineral i\u00e7erir. Bu besin \u00f6\u011feleri v\u00fccut i\u00e7in bir\u00e7ok fonksiyonu destekler. \u00d6zellikle, A vitamini g\u00f6z sa\u011fl\u0131\u011f\u0131 i\u00e7in \u00f6nemlidir, C vitamini ba\u011f\u0131\u015f\u0131kl\u0131k sistemini g\u00fc\u00e7lendirirken, K vitamini kan p\u0131ht\u0131la\u015fmas\u0131n\u0131 sa\u011flar ve demir ise kan sa\u011fl\u0131\u011f\u0131 i\u00e7in gereklidir.<\/p>\n<p style=\"font-weight: 400\">Y\u00fcksek lif i\u00e7eri\u011fi sayesinde \u0131spanak kurusu sindirim sistemi sa\u011fl\u0131\u011f\u0131n\u0131 destekler, sindirimi d\u00fczenler, kab\u0131zl\u0131\u011f\u0131 \u00f6nler ve tokluk hissi sa\u011flar. Bu \u00f6zellikleriyle kilo kontrol\u00fc yaparken de tercih edilebilir.<\/p>\n<p style=\"font-weight: 400\">Ispanak kurusu antioksidanlar a\u00e7\u0131s\u0131ndan da zengindir. Antioksidanlar, v\u00fccuttaki serbest radikallerle sava\u015farak h\u00fccresel hasar\u0131 azalt\u0131r ve genel sa\u011fl\u0131\u011f\u0131 destekler. Ayr\u0131ca, \u0131spanak kurusu i\u00e7erdi\u011fi flavonoidlerle de iltihap kar\u015f\u0131t\u0131 \u00f6zelliklere sahiptir.<\/p>\n<p style=\"font-weight: 400\">D\u00fczenli t\u00fcketildi\u011finde \u0131spanak kurusu, kalp sa\u011fl\u0131\u011f\u0131n\u0131 destekler, kanser riskini azaltabilir, kemik sa\u011fl\u0131\u011f\u0131n\u0131 g\u00fc\u00e7lendirir ve enerji seviyelerini art\u0131rabilir.<\/p>\n<p style=\"font-weight: 400\">Ancak, baz\u0131 ki\u015filerde \u0131spanak veya \u0131spanak kurusuna kar\u015f\u0131 alerjik reaksiyonlar g\u00f6r\u00fclebilir. Ayr\u0131ca, b\u00f6brek ta\u015f\u0131 veya gut gibi sa\u011fl\u0131k sorunlar\u0131 olan ki\u015filerin t\u00fcketiminde dikkatli olmalar\u0131 gerekebilir.<\/p>\n<p style=\"font-weight: 400\">Sonu\u00e7 olarak, \u0131spanak kurusu y\u00fcksek besin de\u011ferleri ve sa\u011fl\u0131k faydalar\u0131yla dikkat \u00e7eken bir kurutulmu\u015f sebze \u00e7e\u015fididir. D\u00fczenli ve dengeli bir \u015fekilde t\u00fcketildi\u011finde sa\u011fl\u0131k i\u00e7in bir\u00e7ok fayda sa\u011flayabilir.<\/p>\n","protected":false},"excerpt":{"rendered":"<p>Ispanak kurusu, \u0131spanak yapraklar\u0131n\u0131n do\u011franmas\u0131 ve \u00f6zel tasar\u0131m kurutma makinas\u0131nda suyunun u\u00e7urulmas\u0131 ile \u00fcretilmektedir. Tamamen do\u011fald\u0131r ve herhangi bir katk\u0131<\/p>\n","protected":false},"featured_media":28179,"comment_status":"open","ping_status":"closed","template":"","meta":[],"product_brand":[],"product_cat":[74],"product_tag":[],"class_list":{"0":"post-28143","1":"product","2":"type-product","3":"status-publish","4":"has-post-thumbnail","6":"product_cat-kurutulmus-sebzeler","8":"first","9":"instock","10":"taxable","11":"shipping-taxable","12":"purchasable","13":"product-type-variable"},"_links":{"self":[{"href":"https:\/\/candefood.com.tr\/en\/wp-json\/wp\/v2\/product\/28143","targetHints":{"allow":["GET"]}}],"collection":[{"href":"https:\/\/candefood.com.tr\/en\/wp-json\/wp\/v2\/product"}],"about":[{"href":"https:\/\/candefood.com.tr\/en\/wp-json\/wp\/v2\/types\/product"}],"replies":[{"embeddable":true,"href":"https:\/\/candefood.com.tr\/en\/wp-json\/wp\/v2\/comments?post=28143"}],"version-history":[{"count":0,"href":"https:\/\/candefood.com.tr\/en\/wp-json\/wp\/v2\/product\/28143\/revisions"}],"wp:featuredmedia":[{"embeddable":true,"href":"https:\/\/candefood.com.tr\/en\/wp-json\/wp\/v2\/media\/28179"}],"wp:attachment":[{"href":"https:\/\/candefood.com.tr\/en\/wp-json\/wp\/v2\/media?parent=28143"}],"wp:term":[{"taxonomy":"product_brand","embeddable":true,"href":"https:\/\/candefood.com.tr\/en\/wp-json\/wp\/v2\/product_brand?post=28143"},{"taxonomy":"product_cat","embeddable":true,"href":"https:\/\/candefood.com.tr\/en\/wp-json\/wp\/v2\/product_cat?post=28143"},{"taxonomy":"product_tag","embeddable":true,"href":"https:\/\/candefood.com.tr\/en\/wp-json\/wp\/v2\/product_tag?post=28143"}],"curies":[{"name":"wp","href":"https:\/\/api.w.org\/{rel}","templated":true}]}}