{"id":28142,"date":"2025-03-20T09:36:14","date_gmt":"2025-03-20T09:36:14","guid":{"rendered":"https:\/\/candefood.com.tr\/?post_type=product&#038;p=28142"},"modified":"2025-03-25T11:27:38","modified_gmt":"2025-03-25T11:27:38","slug":"kereviz-yaprak-kurusu","status":"publish","type":"product","link":"https:\/\/candefood.com.tr\/en\/urun\/kereviz-yaprak-kurusu\/","title":{"rendered":"Kereviz Yaprak Kurusu"},"content":{"rendered":"<p style=\"font-weight: 400\">Kereviz yaprak kurusu, kereviz yapraklar\u0131n\u0131n do\u011franmas\u0131 ve \u00f6zel tasar\u0131m kurutma makinas\u0131nda suyunun u\u00e7urulmas\u0131 ile \u00fcretilmektedir. Tamamen do\u011fald\u0131r ve herhangi bir katk\u0131 ve koruyucu i\u00e7ermemektedir.<\/p>\n<ol>\n<li style=\"font-weight: 400\"><b><strong>Y\u00fcksek Besin De\u011feri:<\/strong><\/b>\u00a0Kereviz yapraklar\u0131, y\u00fcksek miktarda vitamin ve mineral i\u00e7erir. \u00d6zellikle C vitamini, K vitamini, A vitamini, demir, kalsiyum, potasyum ve lif bak\u0131m\u0131ndan zengindir. Bu besin \u00f6\u011feleri, v\u00fccut i\u00e7in \u00f6nemli fonksiyonlar\u0131 destekler ve sa\u011fl\u0131kl\u0131 bir ya\u015fam i\u00e7in gereklidir.<\/li>\n<li style=\"font-weight: 400\"><b><strong>Antioksidanlar:<\/strong><\/b>\u00a0Kereviz yapraklar\u0131, antioksidan bak\u0131m\u0131ndan zengindir. Antioksidanlar, v\u00fccuttaki serbest radikallerle sava\u015farak h\u00fccresel hasar\u0131 azaltabilir ve genel sa\u011fl\u0131k i\u00e7in faydal\u0131d\u0131r. Antioksidanlar ayr\u0131ca ya\u015flanmay\u0131 geciktirebilir ve hastal\u0131klara kar\u015f\u0131 koruyucu etki g\u00f6sterebilir.<\/li>\n<li style=\"font-weight: 400\"><b><strong>Sindirim Sa\u011fl\u0131\u011f\u0131:<\/strong><\/b>\u00a0Kereviz yapraklar\u0131, y\u00fcksek lif i\u00e7eri\u011fiyle sindirim sistemini destekler. Lif, sindirimi d\u00fczenler, kab\u0131zl\u0131\u011f\u0131 \u00f6nler ve tokluk hissi sa\u011flar. Bu da kilo kontrol\u00fcne yard\u0131mc\u0131 olabilir.<\/li>\n<li style=\"font-weight: 400\"><b><strong>Kan Bas\u0131nc\u0131 D\u00fc\u015f\u00fcr\u00fcc\u00fc:<\/strong><\/b>\u00a0Potasyum i\u00e7eri\u011fi sayesinde kereviz yapraklar\u0131 kan bas\u0131nc\u0131n\u0131 d\u00fc\u015f\u00fcrebilir ve kalp sa\u011fl\u0131\u011f\u0131n\u0131 destekleyebilir.<\/li>\n<li style=\"font-weight: 400\"><b><strong>Anti-\u0130nflamatuar \u00d6zellikler:<\/strong><\/b>\u00a0Kereviz yapraklar\u0131, i\u00e7erdikleri baz\u0131 bile\u015fenler sayesinde iltihap kar\u015f\u0131t\u0131 \u00f6zelliklere sahip olabilir ve v\u00fccutta olu\u015fabilecek inflamasyonlar\u0131 azaltabilir.<\/li>\n<\/ol>\n<p style=\"font-weight: 400\">Kereviz yaprak kurusu, \u00e7e\u015fitli yemeklerde, \u00e7orbalar\u0131n i\u00e7inde veya salatalarda kullan\u0131larak t\u00fcketilebilir. Ayr\u0131ca, kereviz yaprak kurusundan kereviz \u00e7ay\u0131 veya kereviz suyu da yap\u0131labilir. Ancak herhangi bir sa\u011fl\u0131k durumu veya \u00f6zel bir beslenme ihtiyac\u0131n\u0131z varsa, doktorunuza dan\u0131\u015fman\u0131z \u00f6nemlidir. Ayr\u0131ca, kereviz yapraklar\u0131na alerjiniz varsa veya herhangi bir yan etkiyle kar\u015f\u0131la\u015f\u0131rsan\u0131z t\u00fcketimini durdurmal\u0131 ve bir sa\u011fl\u0131k uzman\u0131na ba\u015fvurmal\u0131s\u0131n\u0131z.<\/p>\n","protected":false},"excerpt":{"rendered":"<p>Kereviz yaprak kurusu, kereviz yapraklar\u0131n\u0131n do\u011franmas\u0131 ve \u00f6zel tasar\u0131m kurutma makinas\u0131nda suyunun u\u00e7urulmas\u0131 ile \u00fcretilmektedir. Tamamen do\u011fald\u0131r ve herhangi bir<\/p>\n","protected":false},"featured_media":28171,"comment_status":"open","ping_status":"closed","template":"","meta":[],"product_brand":[],"product_cat":[74],"product_tag":[],"class_list":{"0":"post-28142","1":"product","2":"type-product","3":"status-publish","4":"has-post-thumbnail","6":"product_cat-kurutulmus-sebzeler","8":"first","9":"instock","10":"taxable","11":"shipping-taxable","12":"purchasable","13":"product-type-variable"},"_links":{"self":[{"href":"https:\/\/candefood.com.tr\/en\/wp-json\/wp\/v2\/product\/28142","targetHints":{"allow":["GET"]}}],"collection":[{"href":"https:\/\/candefood.com.tr\/en\/wp-json\/wp\/v2\/product"}],"about":[{"href":"https:\/\/candefood.com.tr\/en\/wp-json\/wp\/v2\/types\/product"}],"replies":[{"embeddable":true,"href":"https:\/\/candefood.com.tr\/en\/wp-json\/wp\/v2\/comments?post=28142"}],"version-history":[{"count":0,"href":"https:\/\/candefood.com.tr\/en\/wp-json\/wp\/v2\/product\/28142\/revisions"}],"wp:featuredmedia":[{"embeddable":true,"href":"https:\/\/candefood.com.tr\/en\/wp-json\/wp\/v2\/media\/28171"}],"wp:attachment":[{"href":"https:\/\/candefood.com.tr\/en\/wp-json\/wp\/v2\/media?parent=28142"}],"wp:term":[{"taxonomy":"product_brand","embeddable":true,"href":"https:\/\/candefood.com.tr\/en\/wp-json\/wp\/v2\/product_brand?post=28142"},{"taxonomy":"product_cat","embeddable":true,"href":"https:\/\/candefood.com.tr\/en\/wp-json\/wp\/v2\/product_cat?post=28142"},{"taxonomy":"product_tag","embeddable":true,"href":"https:\/\/candefood.com.tr\/en\/wp-json\/wp\/v2\/product_tag?post=28142"}],"curies":[{"name":"wp","href":"https:\/\/api.w.org\/{rel}","templated":true}]}}