{"id":28141,"date":"2025-03-20T09:34:16","date_gmt":"2025-03-20T09:34:16","guid":{"rendered":"https:\/\/candefood.com.tr\/?post_type=product&#038;p=28141"},"modified":"2025-03-25T11:28:03","modified_gmt":"2025-03-25T11:28:03","slug":"havuc-kurusu","status":"publish","type":"product","link":"https:\/\/candefood.com.tr\/en\/urun\/havuc-kurusu\/","title":{"rendered":"Havu\u00e7 Kurusu"},"content":{"rendered":"<p style=\"font-weight: 400\">Havu\u00e7 kurusu, havucun gran\u00fcl \u015feklinde do\u011franmas\u0131 ve \u00f6zel tasar\u0131m kurutma makinas\u0131nda suyunun u\u00e7urulmas\u0131 ile \u00fcretilmektedir. Tamamen do\u011fald\u0131r ve herhangi bir katk\u0131 ve koruyucu i\u00e7ermemektedir.<\/p>\n<p style=\"font-weight: 400\"><b><strong>Havu\u00e7 kurusunun \u00f6zellikleri ve faydalar\u0131:<\/strong><\/b><\/p>\n<ol>\n<li style=\"font-weight: 400\"><b><strong>Y\u00fcksek Besin De\u011feri:<\/strong><\/b>\u00a0Havu\u00e7 kurusu, havu\u00e7lar\u0131n i\u00e7erdi\u011fi y\u00fcksek miktarda beta-karoten, C vitamini, K vitamini, potasyum ve lif gibi besin \u00f6\u011felerini korur. Beta-karoten, v\u00fccutta A vitamini olarak kullan\u0131l\u0131r ve g\u00f6z sa\u011fl\u0131\u011f\u0131n\u0131 destekler.<\/li>\n<li style=\"font-weight: 400\"><b><strong>Antioksidanlar:<\/strong><\/b>\u00a0Havu\u00e7 kurusu, antioksidanlar a\u00e7\u0131s\u0131ndan zengindir. Antioksidanlar, v\u00fccuttaki serbest radikallerle sava\u015farak h\u00fccresel hasar\u0131 azaltabilir ve genel sa\u011fl\u0131k i\u00e7in faydal\u0131d\u0131r. Ayr\u0131ca, antioksidanlar ya\u015flanmay\u0131 geciktirebilir ve hastal\u0131klara kar\u015f\u0131 koruyucu etki g\u00f6sterebilir.<\/li>\n<li style=\"font-weight: 400\"><b><strong>Sindirim Sa\u011fl\u0131\u011f\u0131:<\/strong><\/b>\u00a0Havu\u00e7 kurusu, lif a\u00e7\u0131s\u0131ndan zengin bir besindir. Lif, sindirim sistemini destekler, sindirimi d\u00fczenler, kab\u0131zl\u0131\u011f\u0131 \u00f6nler ve tokluk hissi sa\u011flar.<\/li>\n<li style=\"font-weight: 400\"><b><strong>Kilo Kontrol\u00fc:<\/strong><\/b>\u00a0D\u00fc\u015f\u00fck kalorili ve y\u00fcksek lif i\u00e7eri\u011fi sayesinde havu\u00e7 kurusu, kilo kontrol\u00fcne yard\u0131mc\u0131 olabilir ve sa\u011fl\u0131kl\u0131 bir diyetin par\u00e7as\u0131 olarak tercih edilebilir.<\/li>\n<li style=\"font-weight: 400\"><b><strong>Cilt Sa\u011fl\u0131\u011f\u0131:<\/strong><\/b>\u00a0Beta-karoten ve di\u011fer besin \u00f6\u011feleri, havu\u00e7 kurusunun cilt sa\u011fl\u0131\u011f\u0131n\u0131 destekleyici etkilere sahip olmas\u0131n\u0131 sa\u011flar. Ciltteki h\u00fccresel yenilenmeyi te\u015fvik edebilir ve ciltteki ya\u015flanma belirtilerini azaltabilir.<\/li>\n<\/ol>\n<p style=\"font-weight: 400\">Havu\u00e7 kurusu, at\u0131\u015ft\u0131rmal\u0131k olarak do\u011frudan t\u00fcketilebilece\u011fi gibi, smoothie&#8217;lerde, salatalarda veya yemeklerde de kullan\u0131labilir. Ancak, herhangi bir sa\u011fl\u0131k durumu veya \u00f6zel bir beslenme ihtiyac\u0131n\u0131z varsa, doktorunuza dan\u0131\u015fman\u0131z \u00f6nemlidir. Ayr\u0131ca, havu\u00e7 kurusuna alerjiniz varsa veya herhangi bir yan etkiyle kar\u015f\u0131la\u015f\u0131rsan\u0131z t\u00fcketimini durdurmal\u0131 ve bir sa\u011fl\u0131k uzman\u0131na ba\u015fvurmal\u0131s\u0131n\u0131z.<\/p>\n","protected":false},"excerpt":{"rendered":"<p>Havu\u00e7 kurusu, havucun gran\u00fcl \u015feklinde do\u011franmas\u0131 ve \u00f6zel tasar\u0131m kurutma makinas\u0131nda suyunun u\u00e7urulmas\u0131 ile \u00fcretilmektedir. Tamamen do\u011fald\u0131r ve herhangi bir<\/p>\n","protected":false},"featured_media":28166,"comment_status":"open","ping_status":"closed","template":"","meta":[],"product_brand":[],"product_cat":[74],"product_tag":[],"class_list":{"0":"post-28141","1":"product","2":"type-product","3":"status-publish","4":"has-post-thumbnail","6":"product_cat-kurutulmus-sebzeler","8":"first","9":"instock","10":"taxable","11":"shipping-taxable","12":"purchasable","13":"product-type-variable"},"_links":{"self":[{"href":"https:\/\/candefood.com.tr\/en\/wp-json\/wp\/v2\/product\/28141","targetHints":{"allow":["GET"]}}],"collection":[{"href":"https:\/\/candefood.com.tr\/en\/wp-json\/wp\/v2\/product"}],"about":[{"href":"https:\/\/candefood.com.tr\/en\/wp-json\/wp\/v2\/types\/product"}],"replies":[{"embeddable":true,"href":"https:\/\/candefood.com.tr\/en\/wp-json\/wp\/v2\/comments?post=28141"}],"version-history":[{"count":0,"href":"https:\/\/candefood.com.tr\/en\/wp-json\/wp\/v2\/product\/28141\/revisions"}],"wp:featuredmedia":[{"embeddable":true,"href":"https:\/\/candefood.com.tr\/en\/wp-json\/wp\/v2\/media\/28166"}],"wp:attachment":[{"href":"https:\/\/candefood.com.tr\/en\/wp-json\/wp\/v2\/media?parent=28141"}],"wp:term":[{"taxonomy":"product_brand","embeddable":true,"href":"https:\/\/candefood.com.tr\/en\/wp-json\/wp\/v2\/product_brand?post=28141"},{"taxonomy":"product_cat","embeddable":true,"href":"https:\/\/candefood.com.tr\/en\/wp-json\/wp\/v2\/product_cat?post=28141"},{"taxonomy":"product_tag","embeddable":true,"href":"https:\/\/candefood.com.tr\/en\/wp-json\/wp\/v2\/product_tag?post=28141"}],"curies":[{"name":"wp","href":"https:\/\/api.w.org\/{rel}","templated":true}]}}