{"id":28140,"date":"2025-03-20T09:32:21","date_gmt":"2025-03-20T09:32:21","guid":{"rendered":"https:\/\/candefood.com.tr\/?post_type=product&#038;p=28140"},"modified":"2025-03-20T10:01:20","modified_gmt":"2025-03-20T10:01:20","slug":"kereviz-kok-kurusu","status":"publish","type":"product","link":"https:\/\/candefood.com.tr\/en\/urun\/kereviz-kok-kurusu\/","title":{"rendered":"Kereviz K\u00f6k Kurusu"},"content":{"rendered":"<p style=\"font-weight: 400\">Kereviz k\u00f6k kurusu, kereviz k\u00f6k\u00fcn\u00fcn \u015ferit \u015feklinde do\u011franmas\u0131 ve \u00f6zel tasar\u0131m kurutma makinas\u0131nda suyunun u\u00e7urulmas\u0131 ile \u00fcretilmektedir. Tamamen do\u011fald\u0131r ve herhangi bir katk\u0131 ve koruyucu i\u00e7ermemektedir.<\/p>\n<p style=\"font-weight: 400\"><b><strong>Kereviz k\u00f6k kurusunun \u00f6zellikleri ve faydalar\u0131:<\/p>\n<p>Y\u00fcksek Besin De\u011feri:<\/strong><\/b>\u00a0Kereviz k\u00f6k kurusu, kereviz bitkisinin k\u00f6k k\u0131sm\u0131nda bulunan y\u00fcksek miktarda lif, C vitamini, K vitamini, potasyum, magnezyum ve demir gibi besin \u00f6\u011felerini i\u00e7erir. Bu besin \u00f6\u011feleri v\u00fccut i\u00e7in \u00f6nemli bir\u00e7ok fonksiyonu destekler.<\/p>\n<ol>\n<li style=\"font-weight: 400\"><b><strong>Sindirim Sa\u011fl\u0131\u011f\u0131:<\/strong><\/b>\u00a0Kereviz k\u00f6k kurusu, y\u00fcksek lif i\u00e7eri\u011fiyle sindirim sistemi sa\u011fl\u0131\u011f\u0131n\u0131 destekler. Lif, sindirimi d\u00fczenler, kab\u0131zl\u0131\u011f\u0131 \u00f6nler, tokluk hissi sa\u011flar ve sindirim sistemiyle ilgili di\u011fer sorunlara da yard\u0131mc\u0131 olabilir.<\/li>\n<li style=\"font-weight: 400\"><b><strong>Kilo Kontrol\u00fc:<\/strong><\/b>\u00a0D\u00fc\u015f\u00fck kalorili ve y\u00fcksek lif i\u00e7eri\u011fi sayesinde kereviz k\u00f6k kurusu, kilo kontrol\u00fcne yard\u0131mc\u0131 olabilir. D\u00fczenli t\u00fcketildi\u011finde tokluk hissi sa\u011flar ve sa\u011fl\u0131kl\u0131 bir diyetin par\u00e7as\u0131 olarak tercih edilebilir.<\/li>\n<li style=\"font-weight: 400\"><b><strong>Kan Bas\u0131nc\u0131 D\u00fc\u015f\u00fcr\u00fcc\u00fc:<\/strong><\/b>\u00a0Potasyum i\u00e7eri\u011fi sayesinde kereviz k\u00f6k kurusu kan bas\u0131nc\u0131n\u0131 d\u00fc\u015f\u00fcrebilir ve kalp sa\u011fl\u0131\u011f\u0131n\u0131 destekleyebilir.<\/li>\n<li style=\"font-weight: 400\"><b><strong>Anti-\u0130nflamatuar \u00d6zellikler:<\/strong><\/b>\u00a0Kereviz k\u00f6k kurusu, i\u00e7erdi\u011fi baz\u0131 bile\u015fenler sayesinde iltihap kar\u015f\u0131t\u0131 \u00f6zelliklere sahip olabilir. Bu \u00f6zellikler, v\u00fccuttaki iltihaplanmay\u0131 azaltabilir ve iltihapl\u0131 durumlar\u0131 hafifletebilir.<\/li>\n<\/ol>\n<p style=\"font-weight: 400\">Kereviz k\u00f6k kurusu genellikle \u00e7e\u015fitli yemeklerde kullan\u0131larak t\u00fcketilir. \u00d6zellikle, \u00e7orbalar, sebze yemekleri veya kuru yemeklerde tercih edilebilir. Ancak, herhangi bir sa\u011fl\u0131k durumu veya \u00f6zel bir beslenme ihtiyac\u0131n\u0131z varsa, doktorunuza dan\u0131\u015fman\u0131z \u00f6nemlidir. Ayr\u0131ca, kereviz k\u00f6k kurusuna alerjiniz varsa veya herhangi bir yan etkiyle kar\u015f\u0131la\u015f\u0131rsan\u0131z t\u00fcketimini durdurmal\u0131 ve bir sa\u011fl\u0131k uzman\u0131na ba\u015fvurmal\u0131s\u0131n\u0131z.<\/p>\n","protected":false},"excerpt":{"rendered":"<p>Kereviz k\u00f6k kurusu, kereviz k\u00f6k\u00fcn\u00fcn \u015ferit \u015feklinde do\u011franmas\u0131 ve \u00f6zel tasar\u0131m kurutma makinas\u0131nda suyunun u\u00e7urulmas\u0131 ile \u00fcretilmektedir. Tamamen do\u011fald\u0131r ve<\/p>\n","protected":false},"featured_media":28164,"comment_status":"open","ping_status":"closed","template":"","meta":[],"product_brand":[],"product_cat":[74],"product_tag":[],"class_list":{"0":"post-28140","1":"product","2":"type-product","3":"status-publish","4":"has-post-thumbnail","6":"product_cat-kurutulmus-sebzeler","8":"first","9":"instock","10":"taxable","11":"shipping-taxable","12":"purchasable","13":"product-type-variable"},"_links":{"self":[{"href":"https:\/\/candefood.com.tr\/en\/wp-json\/wp\/v2\/product\/28140","targetHints":{"allow":["GET"]}}],"collection":[{"href":"https:\/\/candefood.com.tr\/en\/wp-json\/wp\/v2\/product"}],"about":[{"href":"https:\/\/candefood.com.tr\/en\/wp-json\/wp\/v2\/types\/product"}],"replies":[{"embeddable":true,"href":"https:\/\/candefood.com.tr\/en\/wp-json\/wp\/v2\/comments?post=28140"}],"version-history":[{"count":0,"href":"https:\/\/candefood.com.tr\/en\/wp-json\/wp\/v2\/product\/28140\/revisions"}],"wp:featuredmedia":[{"embeddable":true,"href":"https:\/\/candefood.com.tr\/en\/wp-json\/wp\/v2\/media\/28164"}],"wp:attachment":[{"href":"https:\/\/candefood.com.tr\/en\/wp-json\/wp\/v2\/media?parent=28140"}],"wp:term":[{"taxonomy":"product_brand","embeddable":true,"href":"https:\/\/candefood.com.tr\/en\/wp-json\/wp\/v2\/product_brand?post=28140"},{"taxonomy":"product_cat","embeddable":true,"href":"https:\/\/candefood.com.tr\/en\/wp-json\/wp\/v2\/product_cat?post=28140"},{"taxonomy":"product_tag","embeddable":true,"href":"https:\/\/candefood.com.tr\/en\/wp-json\/wp\/v2\/product_tag?post=28140"}],"curies":[{"name":"wp","href":"https:\/\/api.w.org\/{rel}","templated":true}]}}