{"id":28139,"date":"2025-03-20T09:30:33","date_gmt":"2025-03-20T09:30:33","guid":{"rendered":"https:\/\/candefood.com.tr\/?post_type=product&#038;p=28139"},"modified":"2025-03-20T10:01:20","modified_gmt":"2025-03-20T10:01:20","slug":"kirmizi-pancar-kurusu","status":"publish","type":"product","link":"https:\/\/candefood.com.tr\/en\/urun\/kirmizi-pancar-kurusu\/","title":{"rendered":"K\u0131rm\u0131z\u0131 Pancar Kurusu"},"content":{"rendered":"<p style=\"font-weight: 400\">K\u0131rm\u0131z\u0131 pancar kurusu, k\u0131rm\u0131z\u0131 pancar k\u00f6k\u00fcn\u00fcn \u015ferit \u015feklinde do\u011franmas\u0131 ve \u00f6zel tasar\u0131m kurutma makinas\u0131nda suyunun u\u00e7urulmas\u0131 ile \u00fcretilmektedir. Tamamen do\u011fald\u0131r ve herhangi bir katk\u0131 ve koruyucu i\u00e7ermemektedir.<\/p>\n<p style=\"font-weight: 400\"><b><strong>K\u0131rm\u0131z\u0131 pancar k\u00f6k\u00fcn\u00fcn \u00f6zellikleri ve sa\u011fl\u0131k faydalar\u0131:<\/strong><\/b><\/p>\n<ol>\n<li style=\"font-weight: 400\"><b><strong>Y\u00fcksek Besin De\u011feri:<\/strong><\/b>\u00a0K\u0131rm\u0131z\u0131 pancar k\u00f6k\u00fc, y\u00fcksek miktarda lif, folat, manganez, potasyum, demir, C vitamini ve di\u011fer bir\u00e7ok vitamin ve mineral i\u00e7erir. Bu besin \u00f6\u011feleri v\u00fccut i\u00e7in \u00f6nemli bir\u00e7ok fonksiyonu destekler.<\/li>\n<li style=\"font-weight: 400\"><b><strong>Kan Bas\u0131nc\u0131 D\u00fc\u015f\u00fcr\u00fcc\u00fc:<\/strong><\/b>\u00a0Potasyum i\u00e7eri\u011fi sayesinde k\u0131rm\u0131z\u0131 pancar k\u00f6k\u00fc kan bas\u0131nc\u0131n\u0131 d\u00fc\u015f\u00fcrebilir ve kalp sa\u011fl\u0131\u011f\u0131n\u0131 destekleyebilir. Ayr\u0131ca, nitrat i\u00e7eri\u011fiyle de kan damarlar\u0131n\u0131 geni\u015fletebilir ve kan ak\u0131\u015f\u0131n\u0131 art\u0131rabilir.<\/li>\n<li style=\"font-weight: 400\"><b><strong>Antioksidanlar:<\/strong><\/b>\u00a0K\u0131rm\u0131z\u0131 pancar k\u00f6k\u00fc, antioksidanlar a\u00e7\u0131s\u0131ndan zengindir. Antioksidanlar, v\u00fccuttaki serbest radikallerle sava\u015farak h\u00fccresel hasar\u0131 azaltabilir ve hastal\u0131klara kar\u015f\u0131 koruyucu etki g\u00f6sterebilir.<\/li>\n<li style=\"font-weight: 400\"><b><strong>Enerji ve Dayan\u0131kl\u0131l\u0131k:<\/strong><\/b>\u00a0K\u0131rm\u0131z\u0131 pancar k\u00f6k\u00fc, i\u00e7erdi\u011fi nitratlar sayesinde enerji seviyelerini art\u0131rabilir ve fiziksel dayan\u0131kl\u0131l\u0131\u011f\u0131 destekleyebilir. Bu \u00f6zellikler, sporcular\u0131n ve aktif bireylerin performans\u0131n\u0131 art\u0131rmak i\u00e7in tercih etti\u011fi bir besindir.<\/li>\n<li style=\"font-weight: 400\"><b><strong>Sindirim Sa\u011fl\u0131\u011f\u0131:<\/strong><\/b>\u00a0Y\u00fcksek lif i\u00e7eri\u011fi sayesinde k\u0131rm\u0131z\u0131 pancar k\u00f6k\u00fc sindirim sistemini destekler, sindirimi d\u00fczenler, kab\u0131zl\u0131\u011f\u0131 \u00f6nler ve tokluk hissi sa\u011flar.<\/li>\n<\/ol>\n<p style=\"font-weight: 400\">K\u0131rm\u0131z\u0131 pancar k\u00f6k\u00fc genellikle salatalarda, yemeklerde veya \u00e7orbalarda kullan\u0131larak t\u00fcketilir. Ayr\u0131ca, k\u0131rm\u0131z\u0131 pancar k\u00f6k\u00fc suyu da sa\u011fl\u0131k i\u00e7in tercih edilen bir i\u00e7ecektir. Ancak, herhangi bir sa\u011fl\u0131k durumu veya \u00f6zel bir beslenme ihtiyac\u0131n\u0131z varsa, doktorunuza dan\u0131\u015fman\u0131z \u00f6nemlidir. Ayr\u0131ca, k\u0131rm\u0131z\u0131 pancar k\u00f6k\u00fcne alerjiniz varsa veya herhangi bir yan etkiyle kar\u015f\u0131la\u015f\u0131rsan\u0131z t\u00fcketimini durdurmal\u0131 ve bir sa\u011fl\u0131k uzman\u0131na ba\u015fvurmal\u0131s\u0131n\u0131z.<\/p>\n","protected":false},"excerpt":{"rendered":"<p>K\u0131rm\u0131z\u0131 pancar kurusu, k\u0131rm\u0131z\u0131 pancar k\u00f6k\u00fcn\u00fcn \u015ferit \u015feklinde do\u011franmas\u0131 ve \u00f6zel tasar\u0131m kurutma makinas\u0131nda suyunun u\u00e7urulmas\u0131 ile \u00fcretilmektedir. Tamamen do\u011fald\u0131r<\/p>\n","protected":false},"featured_media":28159,"comment_status":"open","ping_status":"closed","template":"","meta":[],"product_brand":[],"product_cat":[74],"product_tag":[],"class_list":{"0":"post-28139","1":"product","2":"type-product","3":"status-publish","4":"has-post-thumbnail","6":"product_cat-kurutulmus-sebzeler","8":"first","9":"instock","10":"taxable","11":"shipping-taxable","12":"purchasable","13":"product-type-variable"},"_links":{"self":[{"href":"https:\/\/candefood.com.tr\/en\/wp-json\/wp\/v2\/product\/28139","targetHints":{"allow":["GET"]}}],"collection":[{"href":"https:\/\/candefood.com.tr\/en\/wp-json\/wp\/v2\/product"}],"about":[{"href":"https:\/\/candefood.com.tr\/en\/wp-json\/wp\/v2\/types\/product"}],"replies":[{"embeddable":true,"href":"https:\/\/candefood.com.tr\/en\/wp-json\/wp\/v2\/comments?post=28139"}],"version-history":[{"count":0,"href":"https:\/\/candefood.com.tr\/en\/wp-json\/wp\/v2\/product\/28139\/revisions"}],"wp:featuredmedia":[{"embeddable":true,"href":"https:\/\/candefood.com.tr\/en\/wp-json\/wp\/v2\/media\/28159"}],"wp:attachment":[{"href":"https:\/\/candefood.com.tr\/en\/wp-json\/wp\/v2\/media?parent=28139"}],"wp:term":[{"taxonomy":"product_brand","embeddable":true,"href":"https:\/\/candefood.com.tr\/en\/wp-json\/wp\/v2\/product_brand?post=28139"},{"taxonomy":"product_cat","embeddable":true,"href":"https:\/\/candefood.com.tr\/en\/wp-json\/wp\/v2\/product_cat?post=28139"},{"taxonomy":"product_tag","embeddable":true,"href":"https:\/\/candefood.com.tr\/en\/wp-json\/wp\/v2\/product_tag?post=28139"}],"curies":[{"name":"wp","href":"https:\/\/api.w.org\/{rel}","templated":true}]}}