{"id":28120,"date":"2025-03-20T09:13:26","date_gmt":"2025-03-20T09:13:26","guid":{"rendered":"https:\/\/candefood.com.tr\/?post_type=product&#038;p=28120"},"modified":"2025-03-25T11:13:33","modified_gmt":"2025-03-25T11:13:33","slug":"cilek-kurusu","status":"publish","type":"product","link":"https:\/\/candefood.com.tr\/en\/urun\/cilek-kurusu\/","title":{"rendered":"\u00c7ilek Kurusu"},"content":{"rendered":"<p style=\"font-weight: 400\">\u00c7ilek kurusu, \u00e7ileklerin dilimlenmesi ve \u00f6zel\u00a0 tasar\u0131m\u00a0 kurutma makinas\u0131nda suyunun u\u00e7urulmas\u0131 ile \u00fcretilmektedir. Tamamen do\u011fald\u0131r ve herhangi bir katk\u0131 ve koruyucu i\u00e7ermemektedir.<\/p>\n<p style=\"font-weight: 400\">\u00c7ilek kurusunun \u00f6zellikleri ve faydalar\u0131:<\/p>\n<p style=\"font-weight: 400\">\u00c7ilek kurusu, y\u00fcksek miktarda C vitamini i\u00e7erir. C vitamini, ba\u011f\u0131\u015f\u0131kl\u0131k sistemi fonksiyonlar\u0131n\u0131 destekler, h\u00fccreleri korur ve v\u00fccuttaki serbest radikallere kar\u015f\u0131 sava\u015f\u0131r. Bu nedenle, \u00e7ilek kurusu ba\u011f\u0131\u015f\u0131kl\u0131k sistemini g\u00fc\u00e7lendirir ve hastal\u0131klara kar\u015f\u0131 koruma sa\u011flar.<\/p>\n<p style=\"font-weight: 400\">Ayr\u0131ca, \u00e7ilek kurusu lif a\u00e7\u0131s\u0131ndan zengindir. Lif, sindirim sistemi sa\u011fl\u0131\u011f\u0131n\u0131 destekler, sindirimi d\u00fczenler ve tokluk hissi sa\u011flar. Bu da kilo kontrol\u00fcne katk\u0131da bulunabilir.<\/p>\n<p style=\"font-weight: 400\">\u00c7ilek kurusu do\u011fal bir tatland\u0131r\u0131c\u0131d\u0131r ve i\u00e7erdi\u011fi do\u011fal \u015fekerlerle enerji verirken, yapay tatland\u0131r\u0131c\u0131lar veya katk\u0131 maddeleri i\u00e7ermez. Bu nedenle, sa\u011fl\u0131kl\u0131 bir at\u0131\u015ft\u0131rmal\u0131k veya tatl\u0131 alternatifi olarak tercih edilebilir.<\/p>\n<p style=\"font-weight: 400\">Antioksidanlar a\u00e7\u0131s\u0131ndan da zengin olan \u00e7ilek kurusu, h\u00fccresel hasar\u0131 azalt\u0131r ve genel sa\u011fl\u0131\u011f\u0131 destekler. \u00d6zellikle, \u00e7ilek kurusunun i\u00e7erisinde bulunan antosiyaninler, antioksidan \u00f6zelliklere sahiptir ve kalp sa\u011fl\u0131\u011f\u0131n\u0131 korur.<\/p>\n<p style=\"font-weight: 400\">Sonu\u00e7 olarak, \u00e7ilek kurusu C vitamini, lif, antioksidanlar ve do\u011fal \u015fekerler a\u00e7\u0131s\u0131ndan zengin bir kurutulmu\u015f meyve se\u00e7ene\u011fidir. D\u00fczenli t\u00fcketildi\u011finde ba\u011f\u0131\u015f\u0131kl\u0131k sistemini g\u00fc\u00e7lendirir, sindirim sa\u011fl\u0131\u011f\u0131n\u0131 destekler ve genel sa\u011fl\u0131k i\u00e7in faydal\u0131 olabilir.<\/p>\n","protected":false},"excerpt":{"rendered":"<p>\u00c7ilek kurusu, \u00e7ileklerin dilimlenmesi ve \u00f6zel\u00a0 tasar\u0131m\u00a0 kurutma makinas\u0131nda suyunun u\u00e7urulmas\u0131 ile \u00fcretilmektedir. Tamamen do\u011fald\u0131r ve herhangi bir katk\u0131 ve<\/p>\n","protected":false},"featured_media":28121,"comment_status":"open","ping_status":"closed","template":"","meta":[],"product_brand":[],"product_cat":[73],"product_tag":[],"class_list":{"0":"post-28120","1":"product","2":"type-product","3":"status-publish","4":"has-post-thumbnail","6":"product_cat-kurutulmus-meyveler","8":"first","9":"instock","10":"taxable","11":"shipping-taxable","12":"purchasable","13":"product-type-variable"},"_links":{"self":[{"href":"https:\/\/candefood.com.tr\/en\/wp-json\/wp\/v2\/product\/28120","targetHints":{"allow":["GET"]}}],"collection":[{"href":"https:\/\/candefood.com.tr\/en\/wp-json\/wp\/v2\/product"}],"about":[{"href":"https:\/\/candefood.com.tr\/en\/wp-json\/wp\/v2\/types\/product"}],"replies":[{"embeddable":true,"href":"https:\/\/candefood.com.tr\/en\/wp-json\/wp\/v2\/comments?post=28120"}],"version-history":[{"count":0,"href":"https:\/\/candefood.com.tr\/en\/wp-json\/wp\/v2\/product\/28120\/revisions"}],"wp:featuredmedia":[{"embeddable":true,"href":"https:\/\/candefood.com.tr\/en\/wp-json\/wp\/v2\/media\/28121"}],"wp:attachment":[{"href":"https:\/\/candefood.com.tr\/en\/wp-json\/wp\/v2\/media?parent=28120"}],"wp:term":[{"taxonomy":"product_brand","embeddable":true,"href":"https:\/\/candefood.com.tr\/en\/wp-json\/wp\/v2\/product_brand?post=28120"},{"taxonomy":"product_cat","embeddable":true,"href":"https:\/\/candefood.com.tr\/en\/wp-json\/wp\/v2\/product_cat?post=28120"},{"taxonomy":"product_tag","embeddable":true,"href":"https:\/\/candefood.com.tr\/en\/wp-json\/wp\/v2\/product_tag?post=28120"}],"curies":[{"name":"wp","href":"https:\/\/api.w.org\/{rel}","templated":true}]}}