{"id":28116,"date":"2025-03-20T09:11:08","date_gmt":"2025-03-20T09:11:08","guid":{"rendered":"https:\/\/candefood.com.tr\/?post_type=product&#038;p=28116"},"modified":"2025-03-20T10:01:20","modified_gmt":"2025-03-20T10:01:20","slug":"infuze-elma-dilimi","status":"publish","type":"product","link":"https:\/\/candefood.com.tr\/en\/urun\/infuze-elma-dilimi\/","title":{"rendered":"\u0130nf\u00fcze Elma Dilimi"},"content":{"rendered":"<p>Taze ve birinci s\u0131n\u0131f elmalar\u0131m\u0131z\u00a0 do\u011fal pancar \u015fekeri veya tatl\u0131 elma suyu kullan\u0131larak i\u015flemden ge\u00e7irilir ve \u00f6zel tasar\u0131m kapal\u0131 kurutma f\u0131r\u0131n\u0131nda kurutularak kilitli paketlerde be\u011feninize sunulur.<\/p>\n","protected":false},"excerpt":{"rendered":"<p>Taze ve birinci s\u0131n\u0131f elmalar\u0131m\u0131z\u00a0 do\u011fal pancar \u015fekeri veya tatl\u0131 elma suyu kullan\u0131larak i\u015flemden ge\u00e7irilir ve \u00f6zel tasar\u0131m kapal\u0131 kurutma<\/p>\n","protected":false},"featured_media":28117,"comment_status":"open","ping_status":"closed","template":"","meta":[],"product_brand":[],"product_cat":[20],"product_tag":[],"class_list":{"0":"post-28116","1":"product","2":"type-product","3":"status-publish","4":"has-post-thumbnail","6":"product_cat-infuze-meyveler","8":"first","9":"instock","10":"taxable","11":"shipping-taxable","12":"purchasable","13":"product-type-variable"},"_links":{"self":[{"href":"https:\/\/candefood.com.tr\/en\/wp-json\/wp\/v2\/product\/28116","targetHints":{"allow":["GET"]}}],"collection":[{"href":"https:\/\/candefood.com.tr\/en\/wp-json\/wp\/v2\/product"}],"about":[{"href":"https:\/\/candefood.com.tr\/en\/wp-json\/wp\/v2\/types\/product"}],"replies":[{"embeddable":true,"href":"https:\/\/candefood.com.tr\/en\/wp-json\/wp\/v2\/comments?post=28116"}],"version-history":[{"count":0,"href":"https:\/\/candefood.com.tr\/en\/wp-json\/wp\/v2\/product\/28116\/revisions"}],"wp:featuredmedia":[{"embeddable":true,"href":"https:\/\/candefood.com.tr\/en\/wp-json\/wp\/v2\/media\/28117"}],"wp:attachment":[{"href":"https:\/\/candefood.com.tr\/en\/wp-json\/wp\/v2\/media?parent=28116"}],"wp:term":[{"taxonomy":"product_brand","embeddable":true,"href":"https:\/\/candefood.com.tr\/en\/wp-json\/wp\/v2\/product_brand?post=28116"},{"taxonomy":"product_cat","embeddable":true,"href":"https:\/\/candefood.com.tr\/en\/wp-json\/wp\/v2\/product_cat?post=28116"},{"taxonomy":"product_tag","embeddable":true,"href":"https:\/\/candefood.com.tr\/en\/wp-json\/wp\/v2\/product_tag?post=28116"}],"curies":[{"name":"wp","href":"https:\/\/api.w.org\/{rel}","templated":true}]}}