{"id":27981,"date":"2025-03-17T12:44:03","date_gmt":"2025-03-17T12:44:03","guid":{"rendered":"https:\/\/candefood.com.tr\/?post_type=product&#038;p=27981"},"modified":"2025-03-20T10:01:39","modified_gmt":"2025-03-20T10:01:39","slug":"infuze-elma-kup-kesim","status":"publish","type":"product","link":"https:\/\/candefood.com.tr\/en\/urun\/infuze-elma-kup-kesim\/","title":{"rendered":"\u0130nf\u00fcze Elma (K\u00fcp Kesim)"},"content":{"rendered":"<div class=\"product-detail-tab-row active\">\n<div class=\"active\" data-tab-content=\"1\">\n<div class=\"product-detail\">Taze ve birinci s\u0131n\u0131f elma par\u00e7ac\u0131klar\u0131 do\u011fal pancar \u015fekeri kullan\u0131larak i\u015flemden ge\u00e7irilir ve \u00f6zel tasar\u0131m kapal\u0131 kurutma f\u0131r\u0131n\u0131nda kurutularak kilitli paketlerde be\u011feninize sunulur.<\/div>\n<\/div>\n<\/div>\n<div class=\"product-detail-tab-row\">\n<div class=\"\" data-tab-index=\"2\"><\/div>\n<\/div>\n","protected":false},"excerpt":{"rendered":"<p>Taze ve birinci s\u0131n\u0131f elma par\u00e7ac\u0131klar\u0131 do\u011fal pancar \u015fekeri kullan\u0131larak i\u015flemden ge\u00e7irilir ve \u00f6zel tasar\u0131m kapal\u0131 kurutma f\u0131r\u0131n\u0131nda kurutularak kilitli<\/p>\n","protected":false},"featured_media":27982,"comment_status":"open","ping_status":"closed","template":"","meta":[],"product_brand":[],"product_cat":[20],"product_tag":[],"class_list":{"0":"post-27981","1":"product","2":"type-product","3":"status-publish","4":"has-post-thumbnail","6":"product_cat-infuze-meyveler","8":"first","9":"instock","10":"taxable","11":"shipping-taxable","12":"purchasable","13":"product-type-variable"},"_links":{"self":[{"href":"https:\/\/candefood.com.tr\/en\/wp-json\/wp\/v2\/product\/27981","targetHints":{"allow":["GET"]}}],"collection":[{"href":"https:\/\/candefood.com.tr\/en\/wp-json\/wp\/v2\/product"}],"about":[{"href":"https:\/\/candefood.com.tr\/en\/wp-json\/wp\/v2\/types\/product"}],"replies":[{"embeddable":true,"href":"https:\/\/candefood.com.tr\/en\/wp-json\/wp\/v2\/comments?post=27981"}],"version-history":[{"count":0,"href":"https:\/\/candefood.com.tr\/en\/wp-json\/wp\/v2\/product\/27981\/revisions"}],"wp:featuredmedia":[{"embeddable":true,"href":"https:\/\/candefood.com.tr\/en\/wp-json\/wp\/v2\/media\/27982"}],"wp:attachment":[{"href":"https:\/\/candefood.com.tr\/en\/wp-json\/wp\/v2\/media?parent=27981"}],"wp:term":[{"taxonomy":"product_brand","embeddable":true,"href":"https:\/\/candefood.com.tr\/en\/wp-json\/wp\/v2\/product_brand?post=27981"},{"taxonomy":"product_cat","embeddable":true,"href":"https:\/\/candefood.com.tr\/en\/wp-json\/wp\/v2\/product_cat?post=27981"},{"taxonomy":"product_tag","embeddable":true,"href":"https:\/\/candefood.com.tr\/en\/wp-json\/wp\/v2\/product_tag?post=27981"}],"curies":[{"name":"wp","href":"https:\/\/api.w.org\/{rel}","templated":true}]}}